{"id":18034,"date":"2025-02-03T09:56:46","date_gmt":"2025-02-03T08:56:46","guid":{"rendered":"http:\/\/discos.com\/index.php\/producto\/orphaned-land-30-years-of-oriental-metal-cd-box-ed-ltd-numerada\/"},"modified":"2025-02-03T09:56:46","modified_gmt":"2025-02-03T08:56:46","slug":"orphaned-land-30-years-of-oriental-metal-cd-box-ed-ltd-numerada","status":"publish","type":"product","link":"https:\/\/hellawaitsmag.com\/index.php\/producto\/orphaned-land-30-years-of-oriental-metal-cd-box-ed-ltd-numerada\/","title":{"rendered":"ORPHANED LAND &#8211; 30 Years Of Oriental Metal CD BOX, Ed. Ltd, Numerada"},"content":{"rendered":"<div class=\"content\">\n<div class=\"content\">\n<p>ORPHANED LAND &#8211; 30 Years Of Oriental Metal<\/p>\n<p>Doom Metal\/Death Metal\/Folk Metal<\/p>\n<p>8 CD, Cofre,\u00a0\u00c1lbum, Recopilatorio, Reedici\u00f3n, Edici\u00f3n Limitada Numerada.<\/p>\n<p>Publicado\u00a02021,\u00a0Century Media<span class=\"MuiTypography-root MuiTypography-labelSmall css-1kybk0l\">\u00a0\u2013\u00a0<span>19439944632.<\/span><\/span><\/p>\n<p>Edici\u00f3n Limitada Numerada a 3000 unidades en Formato CD Box.<\/p>\n<p>El Cofre Colecci\u00f3 Aniversario de Orphaned Land incluye:<\/p>\n<ul>\n<li>6 CD, \u00c1lbum, Reedici\u00f3n<\/li>\n<li>2 CD, Recopilatorios adicionales Kobi Farhi.<\/li>\n<li>Tarjeta Numerada y firmada por la banda.<\/li>\n<\/ul>\n<\/p><\/div>\n<\/p><\/div>\n","protected":false},"excerpt":{"rendered":"<p>ORPHANED LAND &#8211; 30 Years Of Oriental Metal<\/p>\n<p>Doom Metal\/Death Metal\/Folk Metal<\/p>\n<p>8 CD, Cofre,\u00a0\u00c1lbum,\u00a0Recopilatorio, Reedici\u00f3n, Edici\u00f3n Limitada Numerada.<\/p>\n","protected":false},"featured_media":18030,"comment_status":"open","ping_status":"closed","template":"","meta":{"_joinchat":[]},"product_brand":[],"product_cat":[19,44,17],"product_tag":[7383,88,344,60,278,3237,62,206,908,783,59,328,271,89],"class_list":{"0":"post-18034","1":"product","2":"type-product","3":"status-publish","4":"has-post-thumbnail","6":"product_cat-cd","7":"product_cat-cd-box","8":"product_cat-inicio","9":"product_tag-30-years-of-oriental-metal","10":"product_tag-abstract-emotions","11":"product_tag-album","12":"product_tag-cd","13":"product_tag-cd-box","14":"product_tag-cofre","15":"product_tag-death-metal","16":"product_tag-doom-metal","17":"product_tag-edicion-limitada-numerada","18":"product_tag-folk-metal","19":"product_tag-musica","20":"product_tag-orphaned-land","21":"product_tag-recopilatorio","22":"product_tag-reedicion","24":"first","25":"instock","26":"shipping-taxable","27":"purchasable","28":"product-type-simple"},"jetpack_sharing_enabled":true,"_links":{"self":[{"href":"https:\/\/hellawaitsmag.com\/index.php\/wp-json\/wp\/v2\/product\/18034","targetHints":{"allow":["GET"]}}],"collection":[{"href":"https:\/\/hellawaitsmag.com\/index.php\/wp-json\/wp\/v2\/product"}],"about":[{"href":"https:\/\/hellawaitsmag.com\/index.php\/wp-json\/wp\/v2\/types\/product"}],"replies":[{"embeddable":true,"href":"https:\/\/hellawaitsmag.com\/index.php\/wp-json\/wp\/v2\/comments?post=18034"}],"wp:featuredmedia":[{"embeddable":true,"href":"https:\/\/hellawaitsmag.com\/index.php\/wp-json\/wp\/v2\/media\/18030"}],"wp:attachment":[{"href":"https:\/\/hellawaitsmag.com\/index.php\/wp-json\/wp\/v2\/media?parent=18034"}],"wp:term":[{"taxonomy":"product_brand","embeddable":true,"href":"https:\/\/hellawaitsmag.com\/index.php\/wp-json\/wp\/v2\/product_brand?post=18034"},{"taxonomy":"product_cat","embeddable":true,"href":"https:\/\/hellawaitsmag.com\/index.php\/wp-json\/wp\/v2\/product_cat?post=18034"},{"taxonomy":"product_tag","embeddable":true,"href":"https:\/\/hellawaitsmag.com\/index.php\/wp-json\/wp\/v2\/product_tag?post=18034"}],"curies":[{"name":"wp","href":"https:\/\/api.w.org\/{rel}","templated":true}]}}