{"id":17991,"date":"2025-01-30T10:33:59","date_gmt":"2025-01-30T09:33:59","guid":{"rendered":"http:\/\/discos.com\/index.php\/producto\/suffocation-effigy-of-the-forgotten-lp-vinilo-splatter-ed-ltd\/"},"modified":"2025-01-30T10:33:59","modified_gmt":"2025-01-30T09:33:59","slug":"suffocation-effigy-of-the-forgotten-lp-vinilo-splatter-ed-ltd","status":"publish","type":"product","link":"https:\/\/hellawaitsmag.com\/index.php\/producto\/suffocation-effigy-of-the-forgotten-lp-vinilo-splatter-ed-ltd\/","title":{"rendered":"SUFFOCATION &#8211; Effigy Of The Forgotten LP, Vinilo Splatter, Ed. Ltd."},"content":{"rendered":"<div class=\"content\">\n<p>SUFFOCATION &#8211; Effigy Of The Forgotten<\/p>\n<p>Death Metal<\/p>\n<p>LP, \u00c1lbum,\u00a0Vinilo Splatter 12&#8243;, Edici\u00f3n Limitada, Reedici\u00f3n.<\/p>\n<p>Publicado 2024, Listenable Records<span>\u00a0\u2013 POSH332.<\/span><\/p>\n<p>Edici\u00f3n Limitada a 666 copias en todo el mundo en\u00a0Vinilo Splatter 12&#8243;.<\/p>\n<p><span>Para fans de: Dying Fetus, Cryptopsy, Nile, Immolation, Morbid angel, Malevolent Creation, Napalm Death.<\/span><\/p>\n<\/p><\/div>\n","protected":false},"excerpt":{"rendered":"<p>SUFFOCATION &#8211; Effigy Of The Forgotten<\/p>\n<p>Death Metal<\/p>\n<p>LP, \u00c1lbum, Vinilo Splatter 12&#8243;, Edici\u00f3n Limitada, Reedici\u00f3n.<\/p>\n","protected":false},"featured_media":17987,"comment_status":"open","ping_status":"closed","template":"","meta":{"_joinchat":[]},"product_brand":[],"product_cat":[37,17,18],"product_tag":[105,88,344,5720,99,5744,93,59,89,4884,55,415],"class_list":{"0":"post-17991","1":"product","2":"type-product","3":"status-publish","4":"has-post-thumbnail","6":"product_cat-vinilo-vinilo-inicio-2","7":"product_cat-inicio","8":"product_cat-vinilo","9":"product_tag-12-pulgadas","10":"product_tag-abstract-emotions","11":"product_tag-album","12":"product_tag-death-etal","13":"product_tag-edicion-limitada","14":"product_tag-effigy-of-the-forgotten","15":"product_tag-lp","16":"product_tag-musica","17":"product_tag-reedicion","18":"product_tag-suffocation","19":"product_tag-vinilo","20":"product_tag-vinilo-splatter","22":"first","23":"instock","24":"shipping-taxable","25":"purchasable","26":"product-type-simple"},"jetpack_sharing_enabled":true,"_links":{"self":[{"href":"https:\/\/hellawaitsmag.com\/index.php\/wp-json\/wp\/v2\/product\/17991","targetHints":{"allow":["GET"]}}],"collection":[{"href":"https:\/\/hellawaitsmag.com\/index.php\/wp-json\/wp\/v2\/product"}],"about":[{"href":"https:\/\/hellawaitsmag.com\/index.php\/wp-json\/wp\/v2\/types\/product"}],"replies":[{"embeddable":true,"href":"https:\/\/hellawaitsmag.com\/index.php\/wp-json\/wp\/v2\/comments?post=17991"}],"wp:featuredmedia":[{"embeddable":true,"href":"https:\/\/hellawaitsmag.com\/index.php\/wp-json\/wp\/v2\/media\/17987"}],"wp:attachment":[{"href":"https:\/\/hellawaitsmag.com\/index.php\/wp-json\/wp\/v2\/media?parent=17991"}],"wp:term":[{"taxonomy":"product_brand","embeddable":true,"href":"https:\/\/hellawaitsmag.com\/index.php\/wp-json\/wp\/v2\/product_brand?post=17991"},{"taxonomy":"product_cat","embeddable":true,"href":"https:\/\/hellawaitsmag.com\/index.php\/wp-json\/wp\/v2\/product_cat?post=17991"},{"taxonomy":"product_tag","embeddable":true,"href":"https:\/\/hellawaitsmag.com\/index.php\/wp-json\/wp\/v2\/product_tag?post=17991"}],"curies":[{"name":"wp","href":"https:\/\/api.w.org\/{rel}","templated":true}]}}