{"id":17951,"date":"2025-01-29T09:36:25","date_gmt":"2025-01-29T08:36:25","guid":{"rendered":"http:\/\/discos.com\/index.php\/producto\/avulsed-nullo-the-pleasure-of-self-mutilation-cd\/"},"modified":"2025-01-29T09:36:25","modified_gmt":"2025-01-29T08:36:25","slug":"avulsed-nullo-the-pleasure-of-self-mutilation-cd","status":"publish","type":"product","link":"https:\/\/hellawaitsmag.com\/index.php\/producto\/avulsed-nullo-the-pleasure-of-self-mutilation-cd\/","title":{"rendered":"AVULSED &#8211; Nullo (The Pleasure Of Self-Mutilation)  CD"},"content":{"rendered":"<p>AVULSED &#8211;\u00a0Nullo (The Pleasure Of Self-Mutilation)\u00a0<\/p>\n<p>Death Metal<\/p>\n<p>CD, \u00c1lbum, Reedici\u00f3n.<\/p>\n<p>Publicado\u00a0por Xtreem Music-<span>XM 062 CD.<\/span><\/p>\n<p><span>5\u00ba \u00c1lbum de la banda Espa\u00f1ola de Death Metal. Incluye Booklet de 12 p\u00e1ginas.<\/span><\/p>\n<p><span>Para fans de\u00a0<span>DEMIGOD, GRAVE, GOREFEST, SUPURATION, ENTOMBED&#8230;<\/span>.<\/span><\/p>\n","protected":false},"excerpt":{"rendered":"<p>AVULSED &#8211;\u00a0Nullo (The Pleasure Of Self-Mutilation)\u00a0<\/p>\n<p>Death Metal<\/p>\n<p>CD, \u00c1lbum, Reedici\u00f3n.<\/p><\/p>\n","protected":false},"featured_media":17949,"comment_status":"open","ping_status":"closed","template":"","meta":{"_joinchat":[]},"product_brand":[],"product_cat":[19,31,17],"product_tag":[88,344,4280,60,62,59,7362,89],"class_list":{"0":"post-17951","1":"product","2":"type-product","3":"status-publish","4":"has-post-thumbnail","6":"product_cat-cd","7":"product_cat-cd-cd","8":"product_cat-inicio","9":"product_tag-abstract-emotions","10":"product_tag-album","11":"product_tag-avulsed","12":"product_tag-cd","13":"product_tag-death-metal","14":"product_tag-musica","15":"product_tag-nullo-the-pleasure-of-self-muti","16":"product_tag-reedicion","18":"first","19":"instock","20":"shipping-taxable","21":"purchasable","22":"product-type-simple"},"jetpack_sharing_enabled":true,"_links":{"self":[{"href":"https:\/\/hellawaitsmag.com\/index.php\/wp-json\/wp\/v2\/product\/17951","targetHints":{"allow":["GET"]}}],"collection":[{"href":"https:\/\/hellawaitsmag.com\/index.php\/wp-json\/wp\/v2\/product"}],"about":[{"href":"https:\/\/hellawaitsmag.com\/index.php\/wp-json\/wp\/v2\/types\/product"}],"replies":[{"embeddable":true,"href":"https:\/\/hellawaitsmag.com\/index.php\/wp-json\/wp\/v2\/comments?post=17951"}],"wp:featuredmedia":[{"embeddable":true,"href":"https:\/\/hellawaitsmag.com\/index.php\/wp-json\/wp\/v2\/media\/17949"}],"wp:attachment":[{"href":"https:\/\/hellawaitsmag.com\/index.php\/wp-json\/wp\/v2\/media?parent=17951"}],"wp:term":[{"taxonomy":"product_brand","embeddable":true,"href":"https:\/\/hellawaitsmag.com\/index.php\/wp-json\/wp\/v2\/product_brand?post=17951"},{"taxonomy":"product_cat","embeddable":true,"href":"https:\/\/hellawaitsmag.com\/index.php\/wp-json\/wp\/v2\/product_cat?post=17951"},{"taxonomy":"product_tag","embeddable":true,"href":"https:\/\/hellawaitsmag.com\/index.php\/wp-json\/wp\/v2\/product_tag?post=17951"}],"curies":[{"name":"wp","href":"https:\/\/api.w.org\/{rel}","templated":true}]}}