{"id":17948,"date":"2025-01-29T09:23:26","date_gmt":"2025-01-29T08:23:26","guid":{"rendered":"http:\/\/discos.com\/index.php\/producto\/avulsed-ritual-zombi-cd\/"},"modified":"2025-01-29T09:23:26","modified_gmt":"2025-01-29T08:23:26","slug":"avulsed-ritual-zombi-cd","status":"publish","type":"product","link":"https:\/\/hellawaitsmag.com\/index.php\/producto\/avulsed-ritual-zombi-cd\/","title":{"rendered":"AVULSED &#8211; Ritual Zombi  CD"},"content":{"rendered":"<p>AVULSED &#8211; Ritual Zombi\u00a0\u00a0<\/p>\n<p>Death Metal<\/p>\n<p>CD, \u00c1lbum.<\/p>\n<p>Publicado 2013,\u00a0Xtreem Music-<span>XM 133CD.<\/span><\/p>\n<p><span>6\u00ba \u00c1lbum de la banda Espa\u00f1ola de Death Metal. Incluye Booklet de 12 p\u00e1ginas.<\/span><\/p>\n<p><span>Para fans de<span>DEMIGOD, GRAVE, GOREFEST, SUPURATION, ENTOMBED&#8230;<\/span>.<\/span><\/p>\n","protected":false},"excerpt":{"rendered":"<p>AVULSED &#8211; Ritual Zombi\u00a0\u00a0<\/p>\n<p>Death Metal<\/p>\n<p>CD, \u00c1lbum.<\/p><\/p>\n","protected":false},"featured_media":17945,"comment_status":"open","ping_status":"closed","template":"","meta":{"_joinchat":[]},"product_brand":[],"product_cat":[19,31,17],"product_tag":[88,344,4280,60,62,59,7361],"class_list":{"0":"post-17948","1":"product","2":"type-product","3":"status-publish","4":"has-post-thumbnail","6":"product_cat-cd","7":"product_cat-cd-cd","8":"product_cat-inicio","9":"product_tag-abstract-emotions","10":"product_tag-album","11":"product_tag-avulsed","12":"product_tag-cd","13":"product_tag-death-metal","14":"product_tag-musica","15":"product_tag-ritual-zombi","17":"first","18":"instock","19":"shipping-taxable","20":"purchasable","21":"product-type-simple"},"jetpack_sharing_enabled":true,"_links":{"self":[{"href":"https:\/\/hellawaitsmag.com\/index.php\/wp-json\/wp\/v2\/product\/17948","targetHints":{"allow":["GET"]}}],"collection":[{"href":"https:\/\/hellawaitsmag.com\/index.php\/wp-json\/wp\/v2\/product"}],"about":[{"href":"https:\/\/hellawaitsmag.com\/index.php\/wp-json\/wp\/v2\/types\/product"}],"replies":[{"embeddable":true,"href":"https:\/\/hellawaitsmag.com\/index.php\/wp-json\/wp\/v2\/comments?post=17948"}],"wp:featuredmedia":[{"embeddable":true,"href":"https:\/\/hellawaitsmag.com\/index.php\/wp-json\/wp\/v2\/media\/17945"}],"wp:attachment":[{"href":"https:\/\/hellawaitsmag.com\/index.php\/wp-json\/wp\/v2\/media?parent=17948"}],"wp:term":[{"taxonomy":"product_brand","embeddable":true,"href":"https:\/\/hellawaitsmag.com\/index.php\/wp-json\/wp\/v2\/product_brand?post=17948"},{"taxonomy":"product_cat","embeddable":true,"href":"https:\/\/hellawaitsmag.com\/index.php\/wp-json\/wp\/v2\/product_cat?post=17948"},{"taxonomy":"product_tag","embeddable":true,"href":"https:\/\/hellawaitsmag.com\/index.php\/wp-json\/wp\/v2\/product_tag?post=17948"}],"curies":[{"name":"wp","href":"https:\/\/api.w.org\/{rel}","templated":true}]}}