{"id":17938,"date":"2025-01-28T12:24:32","date_gmt":"2025-01-28T11:24:32","guid":{"rendered":"http:\/\/discos.com\/index.php\/producto\/unbounded-terror-nest-of-affliction-lp-vinilo-negro-ed-ltd\/"},"modified":"2025-01-28T12:24:32","modified_gmt":"2025-01-28T11:24:32","slug":"unbounded-terror-nest-of-affliction-lp-vinilo-negro-ed-ltd","status":"publish","type":"product","link":"https:\/\/hellawaitsmag.com\/index.php\/producto\/unbounded-terror-nest-of-affliction-lp-vinilo-negro-ed-ltd\/","title":{"rendered":"UNBOUNDED TERROR &#8211; Nest Of Affliction  LP, Vinilo Negro, Ed. Ltd."},"content":{"rendered":"<p>UNBOUNDED TERROR &#8211; Nest Of Affliction<\/p>\n<p>Death Metal<\/p>\n<p>LP, Album, Vinilo Negro\u00a012&#8243;,\u00a0Edici\u00f3n Limitada, Reedici\u00f3n<\/p>\n<p>Publicado 2022, Xtreem Music-<span>XM 348 LP-2.<\/span><\/p>\n<p><span>Reedici\u00f3n de 30 aniversario con portada del 2011. Edici\u00f3n Limitada a 100 copias en Vinilo Negro 12&#8243;.<\/span><\/p>\n<p>Para amantes del Death Metal cl\u00e1sico en su forma m\u00e1s pura con influencias en la l\u00ednea de grupos como MASSACRE, DEICIDE, DEATH, MORBID ANGEL..<\/p><\/p>\n","protected":false},"excerpt":{"rendered":"<p>UNBOUNDED TERROR &#8211; Nest Of Affliction<\/p>\n<p>Death Metal<\/p>\n<p>LP, Album, Vinilo Negro 12&#8243;, Edici\u00f3n Limitada, Reedici\u00f3n.<\/p>\n<div class=\"content\"><\/div><\/p>\n","protected":false},"featured_media":17935,"comment_status":"open","ping_status":"closed","template":"","meta":{"_joinchat":[]},"product_brand":[],"product_cat":[37,17,18],"product_tag":[88,344,62,93,59,3757,89,3756,1443,55,1143,94],"class_list":{"0":"post-17938","1":"product","2":"type-product","3":"status-publish","4":"has-post-thumbnail","6":"product_cat-vinilo-vinilo-inicio-2","7":"product_cat-inicio","8":"product_cat-vinilo","9":"product_tag-abstract-emotions","10":"product_tag-album","11":"product_tag-death-metal","12":"product_tag-lp","13":"product_tag-musica","14":"product_tag-nest-of-affliction","15":"product_tag-reedicion","16":"product_tag-reedicion-30-aniversario","17":"product_tag-unbounded-terror","18":"product_tag-vinilo","19":"product_tag-vinilo-12-pulgadas","20":"product_tag-vinilo-negro","22":"first","23":"instock","24":"shipping-taxable","25":"purchasable","26":"product-type-simple"},"jetpack_sharing_enabled":true,"_links":{"self":[{"href":"https:\/\/hellawaitsmag.com\/index.php\/wp-json\/wp\/v2\/product\/17938","targetHints":{"allow":["GET"]}}],"collection":[{"href":"https:\/\/hellawaitsmag.com\/index.php\/wp-json\/wp\/v2\/product"}],"about":[{"href":"https:\/\/hellawaitsmag.com\/index.php\/wp-json\/wp\/v2\/types\/product"}],"replies":[{"embeddable":true,"href":"https:\/\/hellawaitsmag.com\/index.php\/wp-json\/wp\/v2\/comments?post=17938"}],"wp:featuredmedia":[{"embeddable":true,"href":"https:\/\/hellawaitsmag.com\/index.php\/wp-json\/wp\/v2\/media\/17935"}],"wp:attachment":[{"href":"https:\/\/hellawaitsmag.com\/index.php\/wp-json\/wp\/v2\/media?parent=17938"}],"wp:term":[{"taxonomy":"product_brand","embeddable":true,"href":"https:\/\/hellawaitsmag.com\/index.php\/wp-json\/wp\/v2\/product_brand?post=17938"},{"taxonomy":"product_cat","embeddable":true,"href":"https:\/\/hellawaitsmag.com\/index.php\/wp-json\/wp\/v2\/product_cat?post=17938"},{"taxonomy":"product_tag","embeddable":true,"href":"https:\/\/hellawaitsmag.com\/index.php\/wp-json\/wp\/v2\/product_tag?post=17938"}],"curies":[{"name":"wp","href":"https:\/\/api.w.org\/{rel}","templated":true}]}}