{"id":17929,"date":"2025-01-28T11:06:02","date_gmt":"2025-01-28T10:06:02","guid":{"rendered":"http:\/\/discos.com\/index.php\/producto\/detente-official-live-86-bootleg-lp-vinilo-negro-ed-ltd\/"},"modified":"2025-01-28T11:06:02","modified_gmt":"2025-01-28T10:06:02","slug":"detente-official-live-86-bootleg-lp-vinilo-negro-ed-ltd","status":"publish","type":"product","link":"https:\/\/hellawaitsmag.com\/index.php\/producto\/detente-official-live-86-bootleg-lp-vinilo-negro-ed-ltd\/","title":{"rendered":"D\u00c9TENTE &#8211; Official Live \u201886 Bootleg LP, Vinilo Negro, Ed. Ltd."},"content":{"rendered":"<p>D\u00c9TENTE &#8211; Official Live \u201886 Bootleg<\/p>\n<p>Thrash\/Speed Metal<\/p>\n<p>LP, \u00c1lbum, Vinilo Negro 12&#8243;, Edici\u00f3n Limitada, Reedici\u00f3n.<\/p>\n<p>Publicado 2022,\u00a0Xtreem Music-<span>XM 370LP.<\/span><\/p>\n<p><span>Edici\u00f3n Limitada a 150 copias en Vinilo Negro 12&#8243; del Album oficial en directo grabado en el &#8217;86, \u00faltimo show que dieron con la formaci\u00f3n cl\u00e1sica del \u00abRecognize No Authority\u00bb. 10 temas entre los que hay uno in\u00e9dito.<\/span><\/p>\n<\/p><\/p>\n","protected":false},"excerpt":{"rendered":"<p>D\u00c9TENTE &#8211; Official Live \u201886 Bootleg<\/p>\n<p>Thrash\/Speed Metal<\/p>\n<p>LP, \u00c1lbum, Vinilo Negro 12&#8243;, Edici\u00f3n Limitada, Reedici\u00f3n.<\/p><\/p>\n","protected":false},"featured_media":17926,"comment_status":"open","ping_status":"closed","template":"","meta":{"_joinchat":[]},"product_brand":[],"product_cat":[37,17,18],"product_tag":[105,88,344,62,1445,99,93,59,4330,4331,70,55,94],"class_list":{"0":"post-17929","1":"product","2":"type-product","3":"status-publish","4":"has-post-thumbnail","6":"product_cat-vinilo-vinilo-inicio-2","7":"product_cat-inicio","8":"product_cat-vinilo","9":"product_tag-12-pulgadas","10":"product_tag-abstract-emotions","11":"product_tag-album","12":"product_tag-death-metal","13":"product_tag-detente","14":"product_tag-edicion-limitada","15":"product_tag-lp","16":"product_tag-musica","17":"product_tag-official-live-86-bootleg","18":"product_tag-speed-etal","19":"product_tag-thrash","20":"product_tag-vinilo","21":"product_tag-vinilo-negro","23":"first","24":"instock","25":"shipping-taxable","26":"purchasable","27":"product-type-simple"},"jetpack_sharing_enabled":true,"_links":{"self":[{"href":"https:\/\/hellawaitsmag.com\/index.php\/wp-json\/wp\/v2\/product\/17929","targetHints":{"allow":["GET"]}}],"collection":[{"href":"https:\/\/hellawaitsmag.com\/index.php\/wp-json\/wp\/v2\/product"}],"about":[{"href":"https:\/\/hellawaitsmag.com\/index.php\/wp-json\/wp\/v2\/types\/product"}],"replies":[{"embeddable":true,"href":"https:\/\/hellawaitsmag.com\/index.php\/wp-json\/wp\/v2\/comments?post=17929"}],"wp:featuredmedia":[{"embeddable":true,"href":"https:\/\/hellawaitsmag.com\/index.php\/wp-json\/wp\/v2\/media\/17926"}],"wp:attachment":[{"href":"https:\/\/hellawaitsmag.com\/index.php\/wp-json\/wp\/v2\/media?parent=17929"}],"wp:term":[{"taxonomy":"product_brand","embeddable":true,"href":"https:\/\/hellawaitsmag.com\/index.php\/wp-json\/wp\/v2\/product_brand?post=17929"},{"taxonomy":"product_cat","embeddable":true,"href":"https:\/\/hellawaitsmag.com\/index.php\/wp-json\/wp\/v2\/product_cat?post=17929"},{"taxonomy":"product_tag","embeddable":true,"href":"https:\/\/hellawaitsmag.com\/index.php\/wp-json\/wp\/v2\/product_tag?post=17929"}],"curies":[{"name":"wp","href":"https:\/\/api.w.org\/{rel}","templated":true}]}}