{"id":17925,"date":"2025-01-28T10:22:54","date_gmt":"2025-01-28T09:22:54","guid":{"rendered":"http:\/\/discos.com\/index.php\/producto\/hellwitch-omnipotent-convocation-lp-vinilo-negro-ed-ltd\/"},"modified":"2025-01-28T10:22:54","modified_gmt":"2025-01-28T09:22:54","slug":"hellwitch-omnipotent-convocation-lp-vinilo-negro-ed-ltd","status":"publish","type":"product","link":"https:\/\/hellawaitsmag.com\/index.php\/producto\/hellwitch-omnipotent-convocation-lp-vinilo-negro-ed-ltd\/","title":{"rendered":"HELLWITCH &#8211; Omnipotent Convocation LP, Vinilo Negro, Ed. Ltd."},"content":{"rendered":"<p class=\"page-title\">HELLWITCH &#8211; Omnipotent Convocation\u00a0<\/p>\n<p>Thrash\/Technical Death Metal<\/p>\n<p>LP, \u00c1lbum, Vinilo Negro 12&#8243;, Edici\u00f3n Limitada, Reedici\u00f3n.<\/p>\n<p>Publicado 2024,\u00a0Xtreem Music<span>\u00a0\u2013\u00a0XM O65\u00a0LP.<\/span><\/p>\n<p><span><span>Edici\u00f3n Limitada a 150 copias en Vinilo Negro 12&#8243;\u00a0por el 15 aniversario (con la portada original) del 2\u00ba \u00e1lbum del &#8217;09, que signific\u00f3 el retorno, 19 a\u00f1os despu\u00e9s de su debut en 1990, de \u00e9stos maestros de Florida formados en el &#8217;84, mejores que nunca, con su inconfundible estilo de agresivo, intenso, t\u00e9cnico y rabioso Death\/ Thrash que ya se ha convertido en un \u00e1lbum cl\u00e1sico de la banda.<\/span><\/span><\/p>\n","protected":false},"excerpt":{"rendered":"<p class=\"page-title\">HELLWITCH &#8211; Omnipotent Convocation\u00a0<\/p>\n<p>Thrash\/Technical Death Metal<\/p>\n<p>LP, \u00c1lbum, Vinilo Negro 12&#8243;, Edici\u00f3n Limitada, Reedici\u00f3n.<\/p>\n","protected":false},"featured_media":17921,"comment_status":"open","ping_status":"closed","template":"","meta":{"_joinchat":[]},"product_brand":[],"product_cat":[37,17,18],"product_tag":[105,88,344,62,99,5048,93,59,6574,89,1440,70,55,94],"class_list":{"0":"post-17925","1":"product","2":"type-product","3":"status-publish","4":"has-post-thumbnail","6":"product_cat-vinilo-vinilo-inicio-2","7":"product_cat-inicio","8":"product_cat-vinilo","9":"product_tag-12-pulgadas","10":"product_tag-abstract-emotions","11":"product_tag-album","12":"product_tag-death-metal","13":"product_tag-edicion-limitada","14":"product_tag-hellwitch","15":"product_tag-lp","16":"product_tag-musica","17":"product_tag-omnipotent-convocation","18":"product_tag-reedicion","19":"product_tag-technical-death-metal","20":"product_tag-thrash","21":"product_tag-vinilo","22":"product_tag-vinilo-negro","24":"first","25":"instock","26":"shipping-taxable","27":"purchasable","28":"product-type-simple"},"jetpack_sharing_enabled":true,"_links":{"self":[{"href":"https:\/\/hellawaitsmag.com\/index.php\/wp-json\/wp\/v2\/product\/17925","targetHints":{"allow":["GET"]}}],"collection":[{"href":"https:\/\/hellawaitsmag.com\/index.php\/wp-json\/wp\/v2\/product"}],"about":[{"href":"https:\/\/hellawaitsmag.com\/index.php\/wp-json\/wp\/v2\/types\/product"}],"replies":[{"embeddable":true,"href":"https:\/\/hellawaitsmag.com\/index.php\/wp-json\/wp\/v2\/comments?post=17925"}],"wp:featuredmedia":[{"embeddable":true,"href":"https:\/\/hellawaitsmag.com\/index.php\/wp-json\/wp\/v2\/media\/17921"}],"wp:attachment":[{"href":"https:\/\/hellawaitsmag.com\/index.php\/wp-json\/wp\/v2\/media?parent=17925"}],"wp:term":[{"taxonomy":"product_brand","embeddable":true,"href":"https:\/\/hellawaitsmag.com\/index.php\/wp-json\/wp\/v2\/product_brand?post=17925"},{"taxonomy":"product_cat","embeddable":true,"href":"https:\/\/hellawaitsmag.com\/index.php\/wp-json\/wp\/v2\/product_cat?post=17925"},{"taxonomy":"product_tag","embeddable":true,"href":"https:\/\/hellawaitsmag.com\/index.php\/wp-json\/wp\/v2\/product_tag?post=17925"}],"curies":[{"name":"wp","href":"https:\/\/api.w.org\/{rel}","templated":true}]}}