{"id":17916,"date":"2025-01-27T13:13:17","date_gmt":"2025-01-27T12:13:17","guid":{"rendered":"http:\/\/discos.com\/index.php\/producto\/adramelech-terror-of-thousand-faces-cd\/"},"modified":"2025-01-27T13:13:17","modified_gmt":"2025-01-27T12:13:17","slug":"adramelech-terror-of-thousand-faces-cd","status":"publish","type":"product","link":"https:\/\/hellawaitsmag.com\/index.php\/producto\/adramelech-terror-of-thousand-faces-cd\/","title":{"rendered":"ADRAMELECH &#8211; Terror Of Thousand Faces CD"},"content":{"rendered":"<p>ADRAMELECH &#8211; Terror Of Thousand Faces\u00a0<\/p>\n<p>Death Metal<\/p>\n<p>CD, \u00c1lbum, Reimpreso.<\/p>\n<p>Publicado 2024, Xtreem Music-<span>XM 030 CD.<\/span><\/p>\n<p>Edici\u00f3n en CD del 3\u00ba \u00e1lbum de la banda finlandesa de Death Metal n\u00f3rdico. Presentado en Jewelcase con Booklet de 8 p\u00e1ginas.<\/p><\/p>\n","protected":false},"excerpt":{"rendered":"<p>ADRAMELECH &#8211; Terror Of Thousand Faces\u00a0<\/p>\n<p>Death Metal<\/p>\n<p>CD, \u00c1lbum, Reimpreso.<\/p>\n","protected":false},"featured_media":17913,"comment_status":"open","ping_status":"closed","template":"","meta":{"_joinchat":[]},"product_brand":[],"product_cat":[19,31,17],"product_tag":[88,7357,344,60,62,61,59,2460,7358],"class_list":{"0":"post-17916","1":"product","2":"type-product","3":"status-publish","4":"has-post-thumbnail","6":"product_cat-cd","7":"product_cat-cd-cd","8":"product_cat-inicio","9":"product_tag-abstract-emotions","10":"product_tag-adramelech","11":"product_tag-album","12":"product_tag-cd","13":"product_tag-death-metal","14":"product_tag-metal","15":"product_tag-musica","16":"product_tag-reimpreso","17":"product_tag-terror-of-thousand-faces","19":"first","20":"instock","21":"shipping-taxable","22":"purchasable","23":"product-type-simple"},"jetpack_sharing_enabled":true,"_links":{"self":[{"href":"https:\/\/hellawaitsmag.com\/index.php\/wp-json\/wp\/v2\/product\/17916","targetHints":{"allow":["GET"]}}],"collection":[{"href":"https:\/\/hellawaitsmag.com\/index.php\/wp-json\/wp\/v2\/product"}],"about":[{"href":"https:\/\/hellawaitsmag.com\/index.php\/wp-json\/wp\/v2\/types\/product"}],"replies":[{"embeddable":true,"href":"https:\/\/hellawaitsmag.com\/index.php\/wp-json\/wp\/v2\/comments?post=17916"}],"wp:featuredmedia":[{"embeddable":true,"href":"https:\/\/hellawaitsmag.com\/index.php\/wp-json\/wp\/v2\/media\/17913"}],"wp:attachment":[{"href":"https:\/\/hellawaitsmag.com\/index.php\/wp-json\/wp\/v2\/media?parent=17916"}],"wp:term":[{"taxonomy":"product_brand","embeddable":true,"href":"https:\/\/hellawaitsmag.com\/index.php\/wp-json\/wp\/v2\/product_brand?post=17916"},{"taxonomy":"product_cat","embeddable":true,"href":"https:\/\/hellawaitsmag.com\/index.php\/wp-json\/wp\/v2\/product_cat?post=17916"},{"taxonomy":"product_tag","embeddable":true,"href":"https:\/\/hellawaitsmag.com\/index.php\/wp-json\/wp\/v2\/product_tag?post=17916"}],"curies":[{"name":"wp","href":"https:\/\/api.w.org\/{rel}","templated":true}]}}