{"id":17786,"date":"2025-01-21T08:20:16","date_gmt":"2025-01-21T07:20:16","guid":{"rendered":"http:\/\/discos.com\/index.php\/producto\/sonic-life-a-memoir-por-thurston-moore-libro-edicion-autografiada\/"},"modified":"2025-01-21T08:20:16","modified_gmt":"2025-01-21T07:20:16","slug":"sonic-life-a-memoir-por-thurston-moore-libro-edicion-autografiada","status":"publish","type":"product","link":"https:\/\/hellawaitsmag.com\/index.php\/producto\/sonic-life-a-memoir-por-thurston-moore-libro-edicion-autografiada\/","title":{"rendered":"SONIC LIFE: A Memoir por Thurston Moore  Libro, Edici\u00f3n Autografiada."},"content":{"rendered":"<p>SONIC LIFE: A Memoir<\/p>\n<p>Libro en tapa Blanda<\/p>\n<p>Edici\u00f3n Autografiada. Firmada por\u00a0Thurston Moore.<\/p>\n<p>Idioma: Ingl\u00e9s\u00a0<\/p>\n<p>Formato:\u00a0230\u00a0x\u00a0160\u00a0mm.<\/p>\n<p>N\u00famero de p\u00e1ginas: 468.<\/p>\n<p>ISBN: 978-0-593-46792-3.<\/p>\n<p>Del miembro fundador de Sonic Youth, un apasionado libro de memorias que recorre la vida y el arte del autor, desde su adolescencia como obseso de la m\u00fasica en un peque\u00f1o pueblo de Connecticut hasta la formaci\u00f3n de su legendario grupo de rock, pasando por treinta a\u00f1os de creaci\u00f3n, experimentaci\u00f3n y asombro.<\/p>\n","protected":false},"excerpt":{"rendered":"<p>SONIC LIFE: A Memoir\u00a0<\/p>\n<p>Libro en tapa Blanda<\/p>\n<p>Edici\u00f3n Autografiada. Firmada por\u00a0Thurston Moore.<\/p>\n<p>Idioma: Ingl\u00e9s\u00a0<\/p>\n<p>Formato:\u00a0230 x\u00a0160 mm<\/p>\n<p><span>N\u00famero de p\u00e1ginas: 468.<\/span><\/p>\n<p><span>ISBN: 978-0-593-46792-3.<\/span><\/p>\n","protected":false},"featured_media":17782,"comment_status":"open","ping_status":"closed","template":"","meta":{"_joinchat":[]},"product_brand":[],"product_cat":[17,49],"product_tag":[88,83,7325,7327,1243,1244,7326,59,7323,1247,7324],"class_list":{"0":"post-17786","1":"product","2":"type-product","3":"status-publish","4":"has-post-thumbnail","6":"product_cat-inicio","7":"product_cat-revistas-revistas-inicio","8":"product_tag-abstract-emotions","9":"product_tag-black-metal","10":"product_tag-edicion-autografiada","11":"product_tag-isbn-978-0-593-46792-3","12":"product_tag-libro","13":"product_tag-libro-de-musica","14":"product_tag-memorias","15":"product_tag-musica","16":"product_tag-sonic-life-a-memoir","17":"product_tag-tapa-blanda","18":"product_tag-thurston-moore","20":"first","21":"instock","22":"shipping-taxable","23":"purchasable","24":"product-type-simple"},"jetpack_sharing_enabled":true,"_links":{"self":[{"href":"https:\/\/hellawaitsmag.com\/index.php\/wp-json\/wp\/v2\/product\/17786","targetHints":{"allow":["GET"]}}],"collection":[{"href":"https:\/\/hellawaitsmag.com\/index.php\/wp-json\/wp\/v2\/product"}],"about":[{"href":"https:\/\/hellawaitsmag.com\/index.php\/wp-json\/wp\/v2\/types\/product"}],"replies":[{"embeddable":true,"href":"https:\/\/hellawaitsmag.com\/index.php\/wp-json\/wp\/v2\/comments?post=17786"}],"wp:featuredmedia":[{"embeddable":true,"href":"https:\/\/hellawaitsmag.com\/index.php\/wp-json\/wp\/v2\/media\/17782"}],"wp:attachment":[{"href":"https:\/\/hellawaitsmag.com\/index.php\/wp-json\/wp\/v2\/media?parent=17786"}],"wp:term":[{"taxonomy":"product_brand","embeddable":true,"href":"https:\/\/hellawaitsmag.com\/index.php\/wp-json\/wp\/v2\/product_brand?post=17786"},{"taxonomy":"product_cat","embeddable":true,"href":"https:\/\/hellawaitsmag.com\/index.php\/wp-json\/wp\/v2\/product_cat?post=17786"},{"taxonomy":"product_tag","embeddable":true,"href":"https:\/\/hellawaitsmag.com\/index.php\/wp-json\/wp\/v2\/product_tag?post=17786"}],"curies":[{"name":"wp","href":"https:\/\/api.w.org\/{rel}","templated":true}]}}