{"id":17709,"date":"2025-01-14T08:59:58","date_gmt":"2025-01-14T07:59:58","guid":{"rendered":"http:\/\/discos.com\/index.php\/producto\/lamb-of-god-ashes-of-the-wake-2lp-vinilo-negro-deluxe-20-aniversario\/"},"modified":"2025-01-14T08:59:58","modified_gmt":"2025-01-14T07:59:58","slug":"lamb-of-god-ashes-of-the-wake-2lp-vinilo-negro-deluxe-20-aniversario","status":"publish","type":"product","link":"https:\/\/hellawaitsmag.com\/index.php\/producto\/lamb-of-god-ashes-of-the-wake-2lp-vinilo-negro-deluxe-20-aniversario\/","title":{"rendered":"LAMB OF GOD &#8211; Ashes Of The Wake 2LP, Vinilo Negro (Deluxe 20 Aniversario)"},"content":{"rendered":"<p>LAMB OF GOD &#8211; Ashes Of The Wake<\/p>\n<p>Groove Metal\/Heavy Metal\/Thrash<\/p>\n<p>2LP, \u00c1lbum, Vinilo Negro 12&#8243;, Edici\u00f3n Deluxe (20 Aniversario), Reedici\u00f3n.<\/p>\n<p>Publicado 2024,\u00a0Epic<span class=\"MuiTypography-root MuiTypography-labelSmall css-1kybk0l\">\u00a0\u2013 19658890791<\/span><span>,\u00a0<\/span>Prosthetic Records<span class=\"MuiTypography-root MuiTypography-labelSmall css-1kybk0l\">\u00a0\u2013 19658890791<\/span><span>,\u00a0<\/span>Legacy<span class=\"MuiTypography-root MuiTypography-labelSmall css-1kybk0l\">\u00a0\u2013 19658890791<\/span><span>,\u00a0<\/span>Sony Music<span class=\"MuiTypography-root MuiTypography-labelSmall css-1kybk0l\">\u00a0\u2013 19658890791.<\/span><\/p>\n<p>Edici\u00f3n Deluxe 20 Aniversario en Doble Vinilo Negro 12&#8243;.\u00a0<\/p>\n<p>Incluye 5 Bonus Tracks.<\/p>\n","protected":false},"excerpt":{"rendered":"<p>LAMB OF GOD &#8211; Ashes Of The Wake<\/p>\n<p>Groove Metal\/Heavy Metal\/Thrash<\/p>\n<p>2LP, \u00c1lbum, Vinilo Negro 12&#8243;, Edici\u00f3n Deluxe (20 Aniversario), Reedici\u00f3n.<\/p>\n","protected":false},"featured_media":17705,"comment_status":"open","ping_status":"closed","template":"","meta":{"_joinchat":[]},"product_brand":[],"product_cat":[40,17,18],"product_tag":[105,1155,88,344,7305,1374,6174,128,7304,93,59,89,70,55,94],"class_list":{"0":"post-17709","1":"product","2":"type-product","3":"status-publish","4":"has-post-thumbnail","6":"product_cat-vinilo-vinilo-inicio-3","7":"product_cat-inicio","8":"product_cat-vinilo","9":"product_tag-12-pulgadas","10":"product_tag-2lp","11":"product_tag-abstract-emotions","12":"product_tag-album","13":"product_tag-ashes-of-the-wake","14":"product_tag-edicion-deluxe","15":"product_tag-groove-metal","16":"product_tag-heavy-metal","17":"product_tag-lamb-of-god","18":"product_tag-lp","19":"product_tag-musica","20":"product_tag-reedicion","21":"product_tag-thrash","22":"product_tag-vinilo","23":"product_tag-vinilo-negro","25":"first","26":"instock","27":"shipping-taxable","28":"purchasable","29":"product-type-simple"},"jetpack_sharing_enabled":true,"_links":{"self":[{"href":"https:\/\/hellawaitsmag.com\/index.php\/wp-json\/wp\/v2\/product\/17709","targetHints":{"allow":["GET"]}}],"collection":[{"href":"https:\/\/hellawaitsmag.com\/index.php\/wp-json\/wp\/v2\/product"}],"about":[{"href":"https:\/\/hellawaitsmag.com\/index.php\/wp-json\/wp\/v2\/types\/product"}],"replies":[{"embeddable":true,"href":"https:\/\/hellawaitsmag.com\/index.php\/wp-json\/wp\/v2\/comments?post=17709"}],"wp:featuredmedia":[{"embeddable":true,"href":"https:\/\/hellawaitsmag.com\/index.php\/wp-json\/wp\/v2\/media\/17705"}],"wp:attachment":[{"href":"https:\/\/hellawaitsmag.com\/index.php\/wp-json\/wp\/v2\/media?parent=17709"}],"wp:term":[{"taxonomy":"product_brand","embeddable":true,"href":"https:\/\/hellawaitsmag.com\/index.php\/wp-json\/wp\/v2\/product_brand?post=17709"},{"taxonomy":"product_cat","embeddable":true,"href":"https:\/\/hellawaitsmag.com\/index.php\/wp-json\/wp\/v2\/product_cat?post=17709"},{"taxonomy":"product_tag","embeddable":true,"href":"https:\/\/hellawaitsmag.com\/index.php\/wp-json\/wp\/v2\/product_tag?post=17709"}],"curies":[{"name":"wp","href":"https:\/\/api.w.org\/{rel}","templated":true}]}}