{"id":17663,"date":"2024-12-30T12:23:27","date_gmt":"2024-12-30T11:23:27","guid":{"rendered":"http:\/\/discos.com\/index.php\/producto\/solstafir-hin-helga-kvoel-lp-vinilo-negro\/"},"modified":"2024-12-30T12:23:27","modified_gmt":"2024-12-30T11:23:27","slug":"solstafir-hin-helga-kvoel-lp-vinilo-negro","status":"publish","type":"product","link":"https:\/\/hellawaitsmag.com\/index.php\/producto\/solstafir-hin-helga-kvoel-lp-vinilo-negro\/","title":{"rendered":"S\u00d3LSTAFIR &#8211; Hin Helga Kv\u00f6l LP, Vinilo Negro"},"content":{"rendered":"<p>S\u00d3LSTAFIR &#8211;\u00a0Hin Helga Kv\u00f6l\u00a0<\/p>\n<p>Black Metal\/Post Rock<\/p>\n<p>LP, \u00c1lbum, Vinilo\u00a0Negro 12&#8243;.<\/p>\n<p>Publicado 2024, Century Media<span class=\"MuiTypography-root MuiTypography-labelSmall css-1kybk0l\">\u00a0\u2013 19802812331<\/span><span>.<\/span><\/p>\n<p>Edici\u00f3n en Vinilo Negro 12&#8243;, 180 gramos.<\/p><\/p>\n","protected":false},"excerpt":{"rendered":"<p>S\u00d3LSTAFIR &#8211;\u00a0Hin Helga Kv\u00f6l\u00a0<\/p>\n<p>Black Metal\/Post Rock<\/p>\n<p>LP, \u00c1lbum, Vinilo\u00a0Negro 12&#8243;.<\/p>\n","protected":false},"featured_media":17661,"comment_status":"open","ping_status":"closed","template":"","meta":{"_joinchat":[]},"product_brand":[],"product_cat":[37,17,18],"product_tag":[105,88,344,83,7294,93,59,868,3681,938,55,2406,94],"class_list":{"0":"post-17663","1":"product","2":"type-product","3":"status-publish","4":"has-post-thumbnail","6":"product_cat-vinilo-vinilo-inicio-2","7":"product_cat-inicio","8":"product_cat-vinilo","9":"product_tag-12-pulgadas","10":"product_tag-abstract-emotions","11":"product_tag-album","12":"product_tag-black-metal","13":"product_tag-hin-helga-kvol","14":"product_tag-lp","15":"product_tag-musica","16":"product_tag-post-rock","17":"product_tag-solstafir","18":"product_tag-viking-metal","19":"product_tag-vinilo","20":"product_tag-vinilo-180-gramos","21":"product_tag-vinilo-negro","23":"first","24":"instock","25":"shipping-taxable","26":"purchasable","27":"product-type-simple"},"jetpack_sharing_enabled":true,"_links":{"self":[{"href":"https:\/\/hellawaitsmag.com\/index.php\/wp-json\/wp\/v2\/product\/17663","targetHints":{"allow":["GET"]}}],"collection":[{"href":"https:\/\/hellawaitsmag.com\/index.php\/wp-json\/wp\/v2\/product"}],"about":[{"href":"https:\/\/hellawaitsmag.com\/index.php\/wp-json\/wp\/v2\/types\/product"}],"replies":[{"embeddable":true,"href":"https:\/\/hellawaitsmag.com\/index.php\/wp-json\/wp\/v2\/comments?post=17663"}],"wp:featuredmedia":[{"embeddable":true,"href":"https:\/\/hellawaitsmag.com\/index.php\/wp-json\/wp\/v2\/media\/17661"}],"wp:attachment":[{"href":"https:\/\/hellawaitsmag.com\/index.php\/wp-json\/wp\/v2\/media?parent=17663"}],"wp:term":[{"taxonomy":"product_brand","embeddable":true,"href":"https:\/\/hellawaitsmag.com\/index.php\/wp-json\/wp\/v2\/product_brand?post=17663"},{"taxonomy":"product_cat","embeddable":true,"href":"https:\/\/hellawaitsmag.com\/index.php\/wp-json\/wp\/v2\/product_cat?post=17663"},{"taxonomy":"product_tag","embeddable":true,"href":"https:\/\/hellawaitsmag.com\/index.php\/wp-json\/wp\/v2\/product_tag?post=17663"}],"curies":[{"name":"wp","href":"https:\/\/api.w.org\/{rel}","templated":true}]}}