{"id":17631,"date":"2024-12-20T12:09:56","date_gmt":"2024-12-20T11:09:56","guid":{"rendered":"http:\/\/discos.com\/index.php\/producto\/unholy-the-second-ring-of-power-2lp-vinilo-negro\/"},"modified":"2024-12-20T12:09:56","modified_gmt":"2024-12-20T11:09:56","slug":"unholy-the-second-ring-of-power-2lp-vinilo-negro","status":"publish","type":"product","link":"https:\/\/hellawaitsmag.com\/index.php\/producto\/unholy-the-second-ring-of-power-2lp-vinilo-negro\/","title":{"rendered":"UNHOLY &#8211; The Second Ring Of Power 2LP, Vinilo Negro"},"content":{"rendered":"<p>UNHOLY &#8211; The Second Ring Of Power<\/p>\n<p>Black Metal\/Doom Metal<\/p>\n<p>2LP, \u00c1lbum, Vinilo Negro 12&#8243;, Reedici\u00f3n, Gatefold.<\/p>\n<p>Publicado 2017, Peaceville<span>\u00a0\u2013<span>\u00a0<span>VILELP678<\/span><span>.<\/span><\/span><\/span><\/p>\n<p><span>Edici\u00f3n en Doble Vinilo Negro 12&#8243;,180 gramos. Presentado en doble Gatefold.<\/span><\/p>\n<p>El segundo \u00e1lbum de Unholy, presentado en vinilo por primera vez.<\/p>\n<p>\u00abThe Second Ring of Power\u00bb, lanzado originalmente en 1994, continu\u00f3 con el enfoque innovador del Doom Metal experimental que la banda hab\u00eda establecido con From the Shadows; mezclando metal con atm\u00f3sferas fuertes y estructuras inusuales.<\/p>\n","protected":false},"excerpt":{"rendered":"<p>UNHOLY &#8211;\u00a0The Second Ring Of Power<\/p>\n<p>Black Metal\/Doom Metal<\/p>\n<p>2LP, \u00c1lbum, Vinilo Negro 12&#8243;, Reedici\u00f3n, Gatefold.<\/p>\n","protected":false},"featured_media":17627,"comment_status":"open","ping_status":"closed","template":"","meta":{"_joinchat":[]},"product_brand":[],"product_cat":[40,17,18],"product_tag":[105,1155,88,344,83,126,206,388,93,59,89,7289,5453,55,94],"class_list":{"0":"post-17631","1":"product","2":"type-product","3":"status-publish","4":"has-post-thumbnail","6":"product_cat-vinilo-vinilo-inicio-3","7":"product_cat-inicio","8":"product_cat-vinilo","9":"product_tag-12-pulgadas","10":"product_tag-2lp","11":"product_tag-abstract-emotions","12":"product_tag-album","13":"product_tag-black-metal","14":"product_tag-doble-vinilo","15":"product_tag-doom-metal","16":"product_tag-gatefold","17":"product_tag-lp","18":"product_tag-musica","19":"product_tag-reedicion","20":"product_tag-the-second-ring-of-power","21":"product_tag-unholy","22":"product_tag-vinilo","23":"product_tag-vinilo-negro","25":"first","26":"instock","27":"shipping-taxable","28":"purchasable","29":"product-type-simple"},"jetpack_sharing_enabled":true,"_links":{"self":[{"href":"https:\/\/hellawaitsmag.com\/index.php\/wp-json\/wp\/v2\/product\/17631","targetHints":{"allow":["GET"]}}],"collection":[{"href":"https:\/\/hellawaitsmag.com\/index.php\/wp-json\/wp\/v2\/product"}],"about":[{"href":"https:\/\/hellawaitsmag.com\/index.php\/wp-json\/wp\/v2\/types\/product"}],"replies":[{"embeddable":true,"href":"https:\/\/hellawaitsmag.com\/index.php\/wp-json\/wp\/v2\/comments?post=17631"}],"wp:featuredmedia":[{"embeddable":true,"href":"https:\/\/hellawaitsmag.com\/index.php\/wp-json\/wp\/v2\/media\/17627"}],"wp:attachment":[{"href":"https:\/\/hellawaitsmag.com\/index.php\/wp-json\/wp\/v2\/media?parent=17631"}],"wp:term":[{"taxonomy":"product_brand","embeddable":true,"href":"https:\/\/hellawaitsmag.com\/index.php\/wp-json\/wp\/v2\/product_brand?post=17631"},{"taxonomy":"product_cat","embeddable":true,"href":"https:\/\/hellawaitsmag.com\/index.php\/wp-json\/wp\/v2\/product_cat?post=17631"},{"taxonomy":"product_tag","embeddable":true,"href":"https:\/\/hellawaitsmag.com\/index.php\/wp-json\/wp\/v2\/product_tag?post=17631"}],"curies":[{"name":"wp","href":"https:\/\/api.w.org\/{rel}","templated":true}]}}