{"id":17626,"date":"2024-12-20T10:54:57","date_gmt":"2024-12-20T09:54:57","guid":{"rendered":"http:\/\/discos.com\/index.php\/producto\/pentagram-be-forewarned-2lp-vinilo-negro\/"},"modified":"2024-12-20T10:54:57","modified_gmt":"2024-12-20T09:54:57","slug":"pentagram-be-forewarned-2lp-vinilo-negro","status":"publish","type":"product","link":"https:\/\/hellawaitsmag.com\/index.php\/producto\/pentagram-be-forewarned-2lp-vinilo-negro\/","title":{"rendered":"PENTAGRAM &#8211; Be Forewarned 2LP, Vinilo Negro"},"content":{"rendered":"<p>PENTAGRAM &#8211;\u00a0Be Forewarned\u00a0<\/p>\n<p>Doom Metal<\/p>\n<p>2LP,\u00a0\u00c1lbum, Vinilo\u00a0Negro\u00a012&#8243;, Reedici\u00f3n.<\/p>\n<p>Publicado 2024, Peaceville\u00a0\u2013<span>VILELP1067<\/span>.<\/p>\n<p>Edici\u00f3n 2024 en Doble Vinilo Negro 12&#8243;, de Be Forewarned, el \u00e1lbum de Pentagram de 1994 de Doom supremo.<\/p>\n<p><span>La banda estadounidense Pentagram, que naci\u00f3 a principios de la d\u00e9cada de 1970, es una de las bandas underground m\u00e1s duraderas e influyentes en la historia del Heavy Metal.<\/span><\/p>\n","protected":false},"excerpt":{"rendered":"<p>PENTAGRAM &#8211;\u00a0Be Forewarned\u00a0<\/p>\n<p>Doom Metal<\/p>\n<p>2LP,\u00a0\u00c1lbum, Vinilo\u00a0Negro 12&#8243;, Reedici\u00f3n.<\/p><\/p>\n","protected":false},"featured_media":17624,"comment_status":"open","ping_status":"closed","template":"","meta":{"_joinchat":[]},"product_brand":[],"product_cat":[40,17,18],"product_tag":[105,1155,88,344,7288,2818,206,93,59,1536,2460,55,2406,94],"class_list":{"0":"post-17626","1":"product","2":"type-product","3":"status-publish","4":"has-post-thumbnail","6":"product_cat-vinilo-vinilo-inicio-3","7":"product_cat-inicio","8":"product_cat-vinilo","9":"product_tag-12-pulgadas","10":"product_tag-2lp","11":"product_tag-abstract-emotions","12":"product_tag-album","13":"product_tag-be-forewarned","14":"product_tag-doble-vinilo-negro","15":"product_tag-doom-metal","16":"product_tag-lp","17":"product_tag-musica","18":"product_tag-pentagram","19":"product_tag-reimpreso","20":"product_tag-vinilo","21":"product_tag-vinilo-180-gramos","22":"product_tag-vinilo-negro","24":"first","25":"instock","26":"sale","27":"shipping-taxable","28":"purchasable","29":"product-type-simple"},"jetpack_sharing_enabled":true,"_links":{"self":[{"href":"https:\/\/hellawaitsmag.com\/index.php\/wp-json\/wp\/v2\/product\/17626","targetHints":{"allow":["GET"]}}],"collection":[{"href":"https:\/\/hellawaitsmag.com\/index.php\/wp-json\/wp\/v2\/product"}],"about":[{"href":"https:\/\/hellawaitsmag.com\/index.php\/wp-json\/wp\/v2\/types\/product"}],"replies":[{"embeddable":true,"href":"https:\/\/hellawaitsmag.com\/index.php\/wp-json\/wp\/v2\/comments?post=17626"}],"wp:featuredmedia":[{"embeddable":true,"href":"https:\/\/hellawaitsmag.com\/index.php\/wp-json\/wp\/v2\/media\/17624"}],"wp:attachment":[{"href":"https:\/\/hellawaitsmag.com\/index.php\/wp-json\/wp\/v2\/media?parent=17626"}],"wp:term":[{"taxonomy":"product_brand","embeddable":true,"href":"https:\/\/hellawaitsmag.com\/index.php\/wp-json\/wp\/v2\/product_brand?post=17626"},{"taxonomy":"product_cat","embeddable":true,"href":"https:\/\/hellawaitsmag.com\/index.php\/wp-json\/wp\/v2\/product_cat?post=17626"},{"taxonomy":"product_tag","embeddable":true,"href":"https:\/\/hellawaitsmag.com\/index.php\/wp-json\/wp\/v2\/product_tag?post=17626"}],"curies":[{"name":"wp","href":"https:\/\/api.w.org\/{rel}","templated":true}]}}