{"id":17623,"date":"2024-12-20T09:46:22","date_gmt":"2024-12-20T08:46:22","guid":{"rendered":"http:\/\/discos.com\/index.php\/producto\/candlemass-epicus-doomicus-metallicus-lp-box-ed-ltd-edicion-35-aniversario\/"},"modified":"2024-12-20T09:46:22","modified_gmt":"2024-12-20T08:46:22","slug":"candlemass-epicus-doomicus-metallicus-lp-box-ed-ltd-edicion-35-aniversario","status":"publish","type":"product","link":"https:\/\/hellawaitsmag.com\/index.php\/producto\/candlemass-epicus-doomicus-metallicus-lp-box-ed-ltd-edicion-35-aniversario\/","title":{"rendered":"CANDLEMASS &#8211; Epicus Doomicus Metallicus LP Box, Ed. Ltd. (Edici\u00f3n 35 Aniversario)"},"content":{"rendered":"<p>CANDLEMASS &#8211; Epicus Doomicus Metallicus\u00a0<\/p>\n<p>Doom Metal<\/p>\n<p>3LP, \u00c1lbum,Recopilatorio,\u00a0LP BOX,\u00a0Edici\u00f3n Limitada Especial\u00a035\u00a0aniversario, Reedici\u00f3n.<\/p>\n<p>Publicado 2022, Peaceville &#8211;\u00a0<span>EBVILE028.<\/span><\/p>\n<p>Set especial de Vinilo de tres colores que conmemora los 35 a\u00f1os de un debut ic\u00f3nico que Metal Hammer llam\u00f3 \u00abel \u00e1lbum definitivo de Doom\u00bb.<\/p>\n<p>El cofre incluye:<\/p>\n<p>&#8211; Epicus Doomicus Metallicus (VILELP929)<\/p>\n<p>&#8211; Demo de Whitchcraft \/ temas de estudio OAL, 1985 (VILELP934)<\/p>\n<p>&#8211; Ensayo de Upplands V\u00e4sby, 1985 (VILELP943)<\/p>\n<p>&#8211; Libreto de 8 p\u00e1ginas<\/p>\n<p>&#8211; P\u00f3ster de Epicus Doomicus Metallicus<\/p>\n<p>&#8211; Impresi\u00f3n de carta manuscrita del fundador Leif Edling<\/p>\n<p>&#8211; Adhesivo Hype.<\/p><\/p>\n","protected":false},"excerpt":{"rendered":"<p>CANDLEMASS &#8211; Epicus Doomicus Metallicus\u00a0<\/p>\n<p>Doom Metal<\/p>\n<p>3LP, \u00c1lbum,Recopilatorio, LP BOX, Edici\u00f3n Limitada Especial\u00a035 aniversario, Reedici\u00f3n.<\/p>\n<\/p><\/p>\n","protected":false},"featured_media":17619,"comment_status":"open","ping_status":"closed","template":"","meta":{"_joinchat":[]},"product_brand":[],"product_cat":[41,43,18],"product_tag":[3788,88,344,282,3237,206,99,446,93,467,59,56,89,55,1356,7287],"class_list":{"0":"post-17623","1":"product","2":"type-product","3":"status-publish","4":"has-post-thumbnail","6":"product_cat-vinilo-vinilo-inicio-4","7":"product_cat-vinilo-vinilo-inicio-5","8":"product_cat-vinilo","9":"product_tag-3lp","10":"product_tag-abstract-emotions","11":"product_tag-album","12":"product_tag-candlemass","13":"product_tag-cofre","14":"product_tag-doom-metal","15":"product_tag-edicion-limitada","16":"product_tag-epicus-doomicus-metallicus","17":"product_tag-lp","18":"product_tag-lp-box","19":"product_tag-musica","20":"product_tag-picture-disc","21":"product_tag-reedicion","22":"product_tag-vinilo","23":"product_tag-vinilo-180-gr","24":"product_tag-vinilos-colores","26":"first","27":"outofstock","28":"shipping-taxable","29":"purchasable","30":"product-type-simple"},"jetpack_sharing_enabled":true,"_links":{"self":[{"href":"https:\/\/hellawaitsmag.com\/index.php\/wp-json\/wp\/v2\/product\/17623","targetHints":{"allow":["GET"]}}],"collection":[{"href":"https:\/\/hellawaitsmag.com\/index.php\/wp-json\/wp\/v2\/product"}],"about":[{"href":"https:\/\/hellawaitsmag.com\/index.php\/wp-json\/wp\/v2\/types\/product"}],"replies":[{"embeddable":true,"href":"https:\/\/hellawaitsmag.com\/index.php\/wp-json\/wp\/v2\/comments?post=17623"}],"wp:featuredmedia":[{"embeddable":true,"href":"https:\/\/hellawaitsmag.com\/index.php\/wp-json\/wp\/v2\/media\/17619"}],"wp:attachment":[{"href":"https:\/\/hellawaitsmag.com\/index.php\/wp-json\/wp\/v2\/media?parent=17623"}],"wp:term":[{"taxonomy":"product_brand","embeddable":true,"href":"https:\/\/hellawaitsmag.com\/index.php\/wp-json\/wp\/v2\/product_brand?post=17623"},{"taxonomy":"product_cat","embeddable":true,"href":"https:\/\/hellawaitsmag.com\/index.php\/wp-json\/wp\/v2\/product_cat?post=17623"},{"taxonomy":"product_tag","embeddable":true,"href":"https:\/\/hellawaitsmag.com\/index.php\/wp-json\/wp\/v2\/product_tag?post=17623"}],"curies":[{"name":"wp","href":"https:\/\/api.w.org\/{rel}","templated":true}]}}