{"id":17613,"date":"2024-12-20T08:57:04","date_gmt":"2024-12-20T07:57:04","guid":{"rendered":"http:\/\/discos.com\/index.php\/producto\/candlemass-witchcraft-lp-vinilo-negro\/"},"modified":"2024-12-20T08:57:04","modified_gmt":"2024-12-20T07:57:04","slug":"candlemass-witchcraft-lp-vinilo-negro","status":"publish","type":"product","link":"https:\/\/hellawaitsmag.com\/index.php\/producto\/candlemass-witchcraft-lp-vinilo-negro\/","title":{"rendered":"CANDLEMASS &#8211; Witchcraft LP, Vinilo Negro"},"content":{"rendered":"<p>CANDLEMASS &#8211;\u00a0Witchcraft\u00a0<\/p>\n<p>Doom Metal<\/p>\n<p>LP,\u00a0\u00c1lbum, Vinilo\u00a0Negro 12&#8243;, Remasterizado.<\/p>\n<p>Publicado 2024, Peaceville<span>\u00a0\u2013 <span>VILELP934<\/span><\/span><span>.<\/span><\/p>\n<p><span>Edici\u00f3n Vinilo\u00a0Negro 12&#8243; de\u00a0\u00a0<\/span>Las grabaciones cl\u00e1sicas de los a\u00f1os de formaci\u00f3n de Candlemass, incluida la Demo completa de \u00abWitchcraft\u00bb,\u00a0Demo cl\u00e1sica de 1985 completa, adem\u00e1s de las grabaciones de\u00a0Demo\u00a0del estudio OAL grabadas en cinta m\u00e1s tarde ese mismo a\u00f1o.<\/p>\n","protected":false},"excerpt":{"rendered":"<p>CANDLEMASS &#8211;\u00a0Witchcraft\u00a0<\/p>\n<p>Doom Metal<\/p>\n<p>LP,\u00a0\u00c1lbum, Vinilo\u00a0Negro 12&#8243;, Remasterizado.<\/p>\n","protected":false},"featured_media":17611,"comment_status":"open","ping_status":"closed","template":"","meta":{"_joinchat":[]},"product_brand":[],"product_cat":[37,17,18],"product_tag":[105,88,344,282,206,128,93,59,1618,55,94,7276],"class_list":{"0":"post-17613","1":"product","2":"type-product","3":"status-publish","4":"has-post-thumbnail","6":"product_cat-vinilo-vinilo-inicio-2","7":"product_cat-inicio","8":"product_cat-vinilo","9":"product_tag-12-pulgadas","10":"product_tag-abstract-emotions","11":"product_tag-album","12":"product_tag-candlemass","13":"product_tag-doom-metal","14":"product_tag-heavy-metal","15":"product_tag-lp","16":"product_tag-musica","17":"product_tag-remasterizado","18":"product_tag-vinilo","19":"product_tag-vinilo-negro","20":"product_tag-witchcraft","22":"first","23":"instock","24":"shipping-taxable","25":"purchasable","26":"product-type-simple"},"jetpack_sharing_enabled":true,"_links":{"self":[{"href":"https:\/\/hellawaitsmag.com\/index.php\/wp-json\/wp\/v2\/product\/17613","targetHints":{"allow":["GET"]}}],"collection":[{"href":"https:\/\/hellawaitsmag.com\/index.php\/wp-json\/wp\/v2\/product"}],"about":[{"href":"https:\/\/hellawaitsmag.com\/index.php\/wp-json\/wp\/v2\/types\/product"}],"replies":[{"embeddable":true,"href":"https:\/\/hellawaitsmag.com\/index.php\/wp-json\/wp\/v2\/comments?post=17613"}],"wp:featuredmedia":[{"embeddable":true,"href":"https:\/\/hellawaitsmag.com\/index.php\/wp-json\/wp\/v2\/media\/17611"}],"wp:attachment":[{"href":"https:\/\/hellawaitsmag.com\/index.php\/wp-json\/wp\/v2\/media?parent=17613"}],"wp:term":[{"taxonomy":"product_brand","embeddable":true,"href":"https:\/\/hellawaitsmag.com\/index.php\/wp-json\/wp\/v2\/product_brand?post=17613"},{"taxonomy":"product_cat","embeddable":true,"href":"https:\/\/hellawaitsmag.com\/index.php\/wp-json\/wp\/v2\/product_cat?post=17613"},{"taxonomy":"product_tag","embeddable":true,"href":"https:\/\/hellawaitsmag.com\/index.php\/wp-json\/wp\/v2\/product_tag?post=17613"}],"curies":[{"name":"wp","href":"https:\/\/api.w.org\/{rel}","templated":true}]}}