{"id":17545,"date":"2024-12-16T11:38:53","date_gmt":"2024-12-16T10:38:53","guid":{"rendered":"http:\/\/discos.com\/index.php\/producto\/ulver-themes-from-william-blake-s-the-marriage-of-heaven-and-hell-2lp-vinilo-rojo-y-vinilo-blanco-ed-ltd\/"},"modified":"2024-12-16T11:38:53","modified_gmt":"2024-12-16T10:38:53","slug":"ulver-themes-from-william-blake-s-the-marriage-of-heaven-and-hell-2lp-vinilo-rojo-y-vinilo-blanco-ed-ltd","status":"publish","type":"product","link":"https:\/\/hellawaitsmag.com\/index.php\/producto\/ulver-themes-from-william-blake-s-the-marriage-of-heaven-and-hell-2lp-vinilo-rojo-y-vinilo-blanco-ed-ltd\/","title":{"rendered":"ULVER &#8211; Themes From William Blake&#8217;s The Marriage Of Heaven And Hell 2LP, Vinilo Rojo y Vinilo Blanco, Ed. Ltd."},"content":{"rendered":"<p>ULVER &#8211;\u00a0Themes From William Blake&#8217;s The Marriage Of Heaven And Hell\u00a0<\/p>\n<p>Abstract\/Dark Ambient\/Experimental<\/p>\n<p>2LP, \u00c1lbum, Vinilo Rojo y Vinilo Blanco 12&#8243;, Edici\u00f3n Limitada, Reedici\u00f3n, Remasterizado, Gatefold.<\/p>\n<p>Publicado\u00a02021, Peaceville &#8211;\u00a0<span>VILELP918.<\/span><\/p>\n<p>Edici\u00f3n Limitada en Vinilo Rojo + Vinilo Blanco 12&#8243;. Presentado en Gatefold con letras y cr\u00e9ditos, discos en fundas interiores de cart\u00f3n impresas con notas de Jeff Wagner.<\/p>\n<p>Los temas de The Marriage of Heaven &amp; Hell de William Blake incluyen apariciones vocales de Fenriz de Darkthrone e Ihsahn y Samoth (Emperor).<\/p>\n","protected":false},"excerpt":{"rendered":"<p>ULVER &#8211;\u00a0Themes From William Blake&#8217;s The Marriage Of Heaven And Hell\u00a0<\/p>\n<p>Abstract\/Dark Ambient\/Experimental<\/p>\n<p>2LP, \u00c1lbum, Vinilo Rojo y Vinilo Blanco 12&#8243;, Edici\u00f3n Limitada, Reedici\u00f3n, Remasterizado, Gatefold.<\/p>\n","protected":false},"featured_media":17541,"comment_status":"open","ping_status":"closed","template":"","meta":{"_joinchat":[]},"product_brand":[],"product_cat":[40,17,18],"product_tag":[105,1155,3540,88,344,178,7273,186,388,93,59,89,1618,7272,258,55,337,317],"class_list":{"0":"post-17545","1":"product","2":"type-product","3":"status-publish","4":"has-post-thumbnail","6":"product_cat-vinilo-vinilo-inicio-3","7":"product_cat-inicio","8":"product_cat-vinilo","9":"product_tag-12-pulgadas","10":"product_tag-2lp","11":"product_tag-abstract","12":"product_tag-abstract-emotions","13":"product_tag-album","14":"product_tag-dark-ambient","15":"product_tag-edocoon-limitada","16":"product_tag-experimental","17":"product_tag-gatefold","18":"product_tag-lp","19":"product_tag-musica","20":"product_tag-reedicion","21":"product_tag-remasterizado","22":"product_tag-themes-from-william-blakes-the","23":"product_tag-ulver","24":"product_tag-vinilo","25":"product_tag-vinilo-blanco","26":"product_tag-vinilo-rojo","28":"first","29":"instock","30":"shipping-taxable","31":"purchasable","32":"product-type-simple"},"jetpack_sharing_enabled":true,"_links":{"self":[{"href":"https:\/\/hellawaitsmag.com\/index.php\/wp-json\/wp\/v2\/product\/17545","targetHints":{"allow":["GET"]}}],"collection":[{"href":"https:\/\/hellawaitsmag.com\/index.php\/wp-json\/wp\/v2\/product"}],"about":[{"href":"https:\/\/hellawaitsmag.com\/index.php\/wp-json\/wp\/v2\/types\/product"}],"replies":[{"embeddable":true,"href":"https:\/\/hellawaitsmag.com\/index.php\/wp-json\/wp\/v2\/comments?post=17545"}],"wp:featuredmedia":[{"embeddable":true,"href":"https:\/\/hellawaitsmag.com\/index.php\/wp-json\/wp\/v2\/media\/17541"}],"wp:attachment":[{"href":"https:\/\/hellawaitsmag.com\/index.php\/wp-json\/wp\/v2\/media?parent=17545"}],"wp:term":[{"taxonomy":"product_brand","embeddable":true,"href":"https:\/\/hellawaitsmag.com\/index.php\/wp-json\/wp\/v2\/product_brand?post=17545"},{"taxonomy":"product_cat","embeddable":true,"href":"https:\/\/hellawaitsmag.com\/index.php\/wp-json\/wp\/v2\/product_cat?post=17545"},{"taxonomy":"product_tag","embeddable":true,"href":"https:\/\/hellawaitsmag.com\/index.php\/wp-json\/wp\/v2\/product_tag?post=17545"}],"curies":[{"name":"wp","href":"https:\/\/api.w.org\/{rel}","templated":true}]}}