{"id":17536,"date":"2024-12-12T14:16:39","date_gmt":"2024-12-12T13:16:39","guid":{"rendered":"http:\/\/discos.com\/index.php\/producto\/mysticum-in-the-streams-of-inferno-lp-vinilo-negro\/"},"modified":"2024-12-12T14:16:39","modified_gmt":"2024-12-12T13:16:39","slug":"mysticum-in-the-streams-of-inferno-lp-vinilo-negro","status":"publish","type":"product","link":"https:\/\/hellawaitsmag.com\/index.php\/producto\/mysticum-in-the-streams-of-inferno-lp-vinilo-negro\/","title":{"rendered":"MYSTICUM &#8211; In The Streams of Inferno LP, Vinilo Negro"},"content":{"rendered":"<p>MYSTICUM &#8211; In The Streams of Inferno<\/p>\n<p>Black Metal<\/p>\n<p>LP, \u00c1lbum, Vinilo Negro 12&#8243;, Reedici\u00f3n, Remasterizado.<\/p>\n<p>Publicado 2022,\u00a0Peaceville<span class=\"MuiTypography-root MuiTypography-labelSmall css-1kybk0l\">\u00a0\u2013 VILELP991.<\/span><\/p>\n<p><span class=\"MuiTypography-root MuiTypography-labelSmall css-1kybk0l\">Edici\u00f3n Vinilo Negro 12&#8243;, 180 gramos.\u00a0<\/span>Esta edici\u00f3n de vinilo de 2022 de In the Streams of Inferno incluye la car\u00e1tula original del \u00e1lbum, adem\u00e1s de una funda interior impresa.<\/p>\n<p>Para este lanzamiento, el \u00e1lbum ha tenido un extenso trabajo de remasterizaci\u00f3n cortes\u00eda de Tom Kv\u00e5lsvoll en Strype Studios en Oslo para dar una mejor representaci\u00f3n del sonido que la banda pretend\u00eda inicialmente, e incluye 2 canciones adicionales en forma de &#8216;Eriaminell&#8217; y &#8216;Black Magic Mushrooms&#8217;.<\/p>\n","protected":false},"excerpt":{"rendered":"<p>MYSTICUM &#8211; In The Streams of Inferno<\/p>\n<p>Black Metal<\/p>\n<p>LP, \u00c1lbum, Vinilo Negro 12&#8243;, Reedici\u00f3n, Remasterizado.<\/p>\n","protected":false},"featured_media":17533,"comment_status":"open","ping_status":"closed","template":"","meta":{"_joinchat":[]},"product_brand":[],"product_cat":[37,18],"product_tag":[105,88,344,83,7270,93,59,123,89,1618,55,94],"class_list":{"0":"post-17536","1":"product","2":"type-product","3":"status-publish","4":"has-post-thumbnail","6":"product_cat-vinilo-vinilo-inicio-2","7":"product_cat-vinilo","8":"product_tag-12-pulgadas","9":"product_tag-abstract-emotions","10":"product_tag-album","11":"product_tag-black-metal","12":"product_tag-in-the-streams-of-inferno","13":"product_tag-lp","14":"product_tag-musica","15":"product_tag-mysticum","16":"product_tag-reedicion","17":"product_tag-remasterizado","18":"product_tag-vinilo","19":"product_tag-vinilo-negro","21":"first","22":"outofstock","23":"shipping-taxable","24":"purchasable","25":"product-type-simple"},"jetpack_sharing_enabled":true,"_links":{"self":[{"href":"https:\/\/hellawaitsmag.com\/index.php\/wp-json\/wp\/v2\/product\/17536","targetHints":{"allow":["GET"]}}],"collection":[{"href":"https:\/\/hellawaitsmag.com\/index.php\/wp-json\/wp\/v2\/product"}],"about":[{"href":"https:\/\/hellawaitsmag.com\/index.php\/wp-json\/wp\/v2\/types\/product"}],"replies":[{"embeddable":true,"href":"https:\/\/hellawaitsmag.com\/index.php\/wp-json\/wp\/v2\/comments?post=17536"}],"wp:featuredmedia":[{"embeddable":true,"href":"https:\/\/hellawaitsmag.com\/index.php\/wp-json\/wp\/v2\/media\/17533"}],"wp:attachment":[{"href":"https:\/\/hellawaitsmag.com\/index.php\/wp-json\/wp\/v2\/media?parent=17536"}],"wp:term":[{"taxonomy":"product_brand","embeddable":true,"href":"https:\/\/hellawaitsmag.com\/index.php\/wp-json\/wp\/v2\/product_brand?post=17536"},{"taxonomy":"product_cat","embeddable":true,"href":"https:\/\/hellawaitsmag.com\/index.php\/wp-json\/wp\/v2\/product_cat?post=17536"},{"taxonomy":"product_tag","embeddable":true,"href":"https:\/\/hellawaitsmag.com\/index.php\/wp-json\/wp\/v2\/product_tag?post=17536"}],"curies":[{"name":"wp","href":"https:\/\/api.w.org\/{rel}","templated":true}]}}