{"id":17519,"date":"2024-12-12T11:56:19","date_gmt":"2024-12-12T10:56:19","guid":{"rendered":"http:\/\/discos.com\/index.php\/producto\/autopsy-skull-grinder-lp-vinilo-negro\/"},"modified":"2024-12-12T11:56:19","modified_gmt":"2024-12-12T10:56:19","slug":"autopsy-skull-grinder-lp-vinilo-negro","status":"publish","type":"product","link":"https:\/\/hellawaitsmag.com\/index.php\/producto\/autopsy-skull-grinder-lp-vinilo-negro\/","title":{"rendered":"AUTOPSY &#8211; Skull Grinder LP, Vinilo Negro"},"content":{"rendered":"<p>AUTOPSY &#8211;\u00a0Skull Grinder<\/p>\n<p>Death Metal<\/p>\n<p>LP,\u00a0\u00c1lbum,\u00a0Vinilo Negro 12&#8243;, Reedici\u00f3n.<\/p>\n<p>Publicado 2024, Peaceville\u00a0\u2013\u00a0VILELP1122.<\/p>\n<p>Edici\u00f3n en Vinilo Negro 12&#8243; 180 gramos.\u00a0<span>Esta edici\u00f3n en vinilo del \u00e1lbum viene en vinilo negro est\u00e1ndar en una sola funda.<\/span><\/p><\/p>\n","protected":false},"excerpt":{"rendered":"<p>AUTOPSY &#8211;\u00a0Skull Grinder<\/p>\n<p>Death Metal<\/p>\n<p>LP, \u00c1lbum,\u00a0Vinilo Negro 12&#8243;, Reedici\u00f3n.<\/p>\n","protected":false},"featured_media":17516,"comment_status":"open","ping_status":"closed","template":"","meta":{"_joinchat":[]},"product_brand":[],"product_cat":[37,17,18],"product_tag":[105,88,344,277,62,206,93,59,89,5466,7266,55,94],"class_list":{"0":"post-17519","1":"product","2":"type-product","3":"status-publish","4":"has-post-thumbnail","6":"product_cat-vinilo-vinilo-inicio-2","7":"product_cat-inicio","8":"product_cat-vinilo","9":"product_tag-12-pulgadas","10":"product_tag-abstract-emotions","11":"product_tag-album","12":"product_tag-autopsy","13":"product_tag-death-metal","14":"product_tag-doom-metal","15":"product_tag-lp","16":"product_tag-musica","17":"product_tag-reedicion","18":"product_tag-severed-survival","19":"product_tag-skull-grinder","20":"product_tag-vinilo","21":"product_tag-vinilo-negro","23":"first","24":"instock","25":"shipping-taxable","26":"purchasable","27":"product-type-simple"},"jetpack_sharing_enabled":true,"_links":{"self":[{"href":"https:\/\/hellawaitsmag.com\/index.php\/wp-json\/wp\/v2\/product\/17519","targetHints":{"allow":["GET"]}}],"collection":[{"href":"https:\/\/hellawaitsmag.com\/index.php\/wp-json\/wp\/v2\/product"}],"about":[{"href":"https:\/\/hellawaitsmag.com\/index.php\/wp-json\/wp\/v2\/types\/product"}],"replies":[{"embeddable":true,"href":"https:\/\/hellawaitsmag.com\/index.php\/wp-json\/wp\/v2\/comments?post=17519"}],"wp:featuredmedia":[{"embeddable":true,"href":"https:\/\/hellawaitsmag.com\/index.php\/wp-json\/wp\/v2\/media\/17516"}],"wp:attachment":[{"href":"https:\/\/hellawaitsmag.com\/index.php\/wp-json\/wp\/v2\/media?parent=17519"}],"wp:term":[{"taxonomy":"product_brand","embeddable":true,"href":"https:\/\/hellawaitsmag.com\/index.php\/wp-json\/wp\/v2\/product_brand?post=17519"},{"taxonomy":"product_cat","embeddable":true,"href":"https:\/\/hellawaitsmag.com\/index.php\/wp-json\/wp\/v2\/product_cat?post=17519"},{"taxonomy":"product_tag","embeddable":true,"href":"https:\/\/hellawaitsmag.com\/index.php\/wp-json\/wp\/v2\/product_tag?post=17519"}],"curies":[{"name":"wp","href":"https:\/\/api.w.org\/{rel}","templated":true}]}}