{"id":17494,"date":"2024-12-11T13:37:33","date_gmt":"2024-12-11T12:37:33","guid":{"rendered":"http:\/\/discos.com\/index.php\/producto\/isengard-spectres-over-gorgoroth-lp-vinilo-negro\/"},"modified":"2024-12-11T13:37:33","modified_gmt":"2024-12-11T12:37:33","slug":"isengard-spectres-over-gorgoroth-lp-vinilo-negro","status":"publish","type":"product","link":"https:\/\/hellawaitsmag.com\/index.php\/producto\/isengard-spectres-over-gorgoroth-lp-vinilo-negro\/","title":{"rendered":"ISENGARD &#8211; Spectres Over Gorgoroth LP, Vinilo Negro"},"content":{"rendered":"<p>ISENGARD &#8211;\u00a0Spectres Over Gorgoroth<\/p>\n<p>Black Metal\/Death Metal<\/p>\n<p>LP, \u00c1lbum, Recopilatorio, Vinilo Negro 12&#8243;.<\/p>\n<p>Publicado 2022,\u00a0Peaceville<span>\u00a0\u2013 <span>VILELP985<\/span>.<\/span><\/p>\n<p>Edici\u00f3n en Vinilo Negro 12&#8243;. Incluye la car\u00e1tula del cassette de la demo original, adem\u00e1s de letras adicionales.<\/p>\n<p>Reedici\u00f3n de la\u00a0recop\u00f1ilacion de demos de Spectres Over Gorgoroth (1989) y Horizons (1991). Edici\u00f3n con funda interior impresa a doble cara.<\/p>\n","protected":false},"excerpt":{"rendered":"<p>ISENGARD &#8211;\u00a0Spectres Over Gorgoroth<\/p>\n<p>Black Metal\/Death Metal<\/p>\n<p>LP, \u00c1lbum, Recopilatorio, Vinilo Negro 12&#8243;.<\/p><\/p>\n","protected":false},"featured_media":17490,"comment_status":"open","ping_status":"closed","template":"","meta":{"_joinchat":[]},"product_brand":[],"product_cat":[37,17,18],"product_tag":[105,88,344,83,62,206,128,347,93,59,1044,271,7262,70,55,94],"class_list":{"0":"post-17494","1":"product","2":"type-product","3":"status-publish","4":"has-post-thumbnail","6":"product_cat-vinilo-vinilo-inicio-2","7":"product_cat-inicio","8":"product_cat-vinilo","9":"product_tag-12-pulgadas","10":"product_tag-abstract-emotions","11":"product_tag-album","12":"product_tag-black-metal","13":"product_tag-death-metal","14":"product_tag-doom-metal","15":"product_tag-heavy-metal","16":"product_tag-isengard","17":"product_tag-lp","18":"product_tag-musica","19":"product_tag-peaceville","20":"product_tag-recopilatorio","21":"product_tag-spectres-over-gorgoroth","22":"product_tag-thrash","23":"product_tag-vinilo","24":"product_tag-vinilo-negro","26":"first","27":"instock","28":"shipping-taxable","29":"purchasable","30":"product-type-simple"},"jetpack_sharing_enabled":true,"_links":{"self":[{"href":"https:\/\/hellawaitsmag.com\/index.php\/wp-json\/wp\/v2\/product\/17494","targetHints":{"allow":["GET"]}}],"collection":[{"href":"https:\/\/hellawaitsmag.com\/index.php\/wp-json\/wp\/v2\/product"}],"about":[{"href":"https:\/\/hellawaitsmag.com\/index.php\/wp-json\/wp\/v2\/types\/product"}],"replies":[{"embeddable":true,"href":"https:\/\/hellawaitsmag.com\/index.php\/wp-json\/wp\/v2\/comments?post=17494"}],"wp:featuredmedia":[{"embeddable":true,"href":"https:\/\/hellawaitsmag.com\/index.php\/wp-json\/wp\/v2\/media\/17490"}],"wp:attachment":[{"href":"https:\/\/hellawaitsmag.com\/index.php\/wp-json\/wp\/v2\/media?parent=17494"}],"wp:term":[{"taxonomy":"product_brand","embeddable":true,"href":"https:\/\/hellawaitsmag.com\/index.php\/wp-json\/wp\/v2\/product_brand?post=17494"},{"taxonomy":"product_cat","embeddable":true,"href":"https:\/\/hellawaitsmag.com\/index.php\/wp-json\/wp\/v2\/product_cat?post=17494"},{"taxonomy":"product_tag","embeddable":true,"href":"https:\/\/hellawaitsmag.com\/index.php\/wp-json\/wp\/v2\/product_tag?post=17494"}],"curies":[{"name":"wp","href":"https:\/\/api.w.org\/{rel}","templated":true}]}}