{"id":17458,"date":"2024-12-11T08:58:46","date_gmt":"2024-12-11T07:58:46","guid":{"rendered":"http:\/\/discos.com\/index.php\/producto\/darkthrone-the-wind-of-666-black-hearts-volume-two-lp-vinilo-negro\/"},"modified":"2024-12-11T08:58:46","modified_gmt":"2024-12-11T07:58:46","slug":"darkthrone-the-wind-of-666-black-hearts-volume-two-lp-vinilo-negro","status":"publish","type":"product","link":"https:\/\/hellawaitsmag.com\/index.php\/producto\/darkthrone-the-wind-of-666-black-hearts-volume-two-lp-vinilo-negro\/","title":{"rendered":"DARKTHRONE &#8211; The Wind Of 666 Black Hearts Volume Two LP, Vinilo Negro"},"content":{"rendered":"<p>DARKTHRONE &#8211; The Wind Of 666 Black Hearts Volume Two\u00a0<\/p>\n<p>Black Metal<\/p>\n<p>LP, \u00c1lbum, Recopilatorio, Vinilo Negro 12&#8243;.<\/p>\n<p>Publicado 2023,\u00a0Peaceville\u2013<span>VileLP1042.<\/span><\/p>\n<p>Edici\u00f3n\u00a0en Vinilo Negro 12&#8243; .El segundo volumen de The Wind of 666 Black Hearts marca un regreso a los primeros d\u00edas de las influyentes leyendas del black metal noruego, con temas de ensayos realizados en 1992, cuando la banda hab\u00eda atravesado recientemente una gran transformaci\u00f3n de estilo entre sus primeras propuestas de death metal a un sonido primario despojado, completamente crudo, fr\u00edo y ca\u00f3tico.<\/p>\n<p>Este lanzamiento incluye temas que luego aparecer\u00edan en el \u00e1lbum \u00abUnder a Funeral Moon\u00bb de la banda, con la formaci\u00f3n de Darkthrone reduci\u00e9ndose a un grupo de 3 integrantes durante este per\u00edodo, con Nocturno pasando al bajo y Zephyrous manejando todas las guitarras, con Fenriz, como siempre, en la bater\u00eda.<\/p>\n<p>Las grabaciones se tomaron del lugar de ensayo de la banda en Vinterbro, ubicado directamente al sur del lago Gjersj\u00f8en que separa Vinterbro de Kolbotn.<\/p>\n","protected":false},"excerpt":{"rendered":"<p>DARKTHRONE &#8211; The Wind Of 666 Black Hearts Volume Two\u00a0<\/p>\n<p>Black Metal<\/p>\n<p>LP, \u00c1lbum, Recopilatorio, Vinilo Negro 12&#8243;.<\/p>\n","protected":false},"featured_media":17454,"comment_status":"open","ping_status":"closed","template":"","meta":{"_joinchat":[]},"product_brand":[],"product_cat":[37,18],"product_tag":[105,88,5300,83,284,59,271,1892,5299,55,94],"class_list":{"0":"post-17458","1":"product","2":"type-product","3":"status-publish","4":"has-post-thumbnail","6":"product_cat-vinilo-vinilo-inicio-2","7":"product_cat-vinilo","8":"product_tag-12-pulgadas","9":"product_tag-abstract-emotions","10":"product_tag-anbum","11":"product_tag-black-metal","12":"product_tag-darkthrone","13":"product_tag-musica","14":"product_tag-recopilatorio","15":"product_tag-stereo","16":"product_tag-the-wind-of-666-black-hearts-vol","17":"product_tag-vinilo","18":"product_tag-vinilo-negro","20":"first","21":"instock","22":"shipping-taxable","23":"purchasable","24":"product-type-simple"},"jetpack_sharing_enabled":true,"_links":{"self":[{"href":"https:\/\/hellawaitsmag.com\/index.php\/wp-json\/wp\/v2\/product\/17458","targetHints":{"allow":["GET"]}}],"collection":[{"href":"https:\/\/hellawaitsmag.com\/index.php\/wp-json\/wp\/v2\/product"}],"about":[{"href":"https:\/\/hellawaitsmag.com\/index.php\/wp-json\/wp\/v2\/types\/product"}],"replies":[{"embeddable":true,"href":"https:\/\/hellawaitsmag.com\/index.php\/wp-json\/wp\/v2\/comments?post=17458"}],"wp:featuredmedia":[{"embeddable":true,"href":"https:\/\/hellawaitsmag.com\/index.php\/wp-json\/wp\/v2\/media\/17454"}],"wp:attachment":[{"href":"https:\/\/hellawaitsmag.com\/index.php\/wp-json\/wp\/v2\/media?parent=17458"}],"wp:term":[{"taxonomy":"product_brand","embeddable":true,"href":"https:\/\/hellawaitsmag.com\/index.php\/wp-json\/wp\/v2\/product_brand?post=17458"},{"taxonomy":"product_cat","embeddable":true,"href":"https:\/\/hellawaitsmag.com\/index.php\/wp-json\/wp\/v2\/product_cat?post=17458"},{"taxonomy":"product_tag","embeddable":true,"href":"https:\/\/hellawaitsmag.com\/index.php\/wp-json\/wp\/v2\/product_tag?post=17458"}],"curies":[{"name":"wp","href":"https:\/\/api.w.org\/{rel}","templated":true}]}}