{"id":17449,"date":"2024-12-10T08:16:10","date_gmt":"2024-12-10T07:16:10","guid":{"rendered":"http:\/\/discos.com\/index.php\/producto\/darkthrone-goatlord-lp-vinilo-negro-ed-ltd\/"},"modified":"2024-12-10T08:16:10","modified_gmt":"2024-12-10T07:16:10","slug":"darkthrone-goatlord-lp-vinilo-negro-ed-ltd","status":"publish","type":"product","link":"https:\/\/hellawaitsmag.com\/index.php\/producto\/darkthrone-goatlord-lp-vinilo-negro-ed-ltd\/","title":{"rendered":"DARKTHRONE &#8211; Goatlord  LP, Vinilo Negro, Ed. Ltd."},"content":{"rendered":"<p>DARKTHRONE &#8211; Goatlord<\/p>\n<p>Death metal<\/p>\n<p>LP, \u00c1lbum, Vinilo Negro 12&#8243;, Edici\u00f3n Limitada, Remasterizado.<\/p>\n<p>Publicado 2011,\u00a0Peaceville<span>\u00a0\u2013 <span>VILELP337<\/span>.<\/span><\/p>\n<p>Edici\u00f3n Limitada en Vinilo Negro 12&#8243;, 180 gramos. Esta edici\u00f3n de \u00abGoatlord\u00bb presenta nuevas ilustraciones seleccionadas por la banda.<\/p>\n<p><span>\u00abGoatlord\u00bb solo se grab\u00f3 de manera instrumental, por lo que no fue hasta 1994 que Fenriz agreg\u00f3 voces a las canciones, y el \u00e1lbum finalmente se lanz\u00f3 en el sello de la banda en ese momento, Moonfog Productions, en 1996.<\/span><\/p>\n","protected":false},"excerpt":{"rendered":"<p>DARKTHRONE &#8211; Goatlord<\/p>\n<p>Death metal<\/p>\n<p>LP, \u00c1lbum, Vinilo Negro 12&#8243;, Edici\u00f3n Limitada, Remasterizado.<\/p><\/p>\n","protected":false},"featured_media":17445,"comment_status":"open","ping_status":"closed","template":"","meta":{"_joinchat":[]},"product_brand":[],"product_cat":[37,17,18],"product_tag":[105,88,344,83,284,62,206,99,5283,128,93,59,1044,55,2406,94],"class_list":{"0":"post-17449","1":"product","2":"type-product","3":"status-publish","4":"has-post-thumbnail","6":"product_cat-vinilo-vinilo-inicio-2","7":"product_cat-inicio","8":"product_cat-vinilo","9":"product_tag-12-pulgadas","10":"product_tag-abstract-emotions","11":"product_tag-album","12":"product_tag-black-metal","13":"product_tag-darkthrone","14":"product_tag-death-metal","15":"product_tag-doom-metal","16":"product_tag-edicion-limitada","17":"product_tag-goatlord","18":"product_tag-heavy-metal","19":"product_tag-lp","20":"product_tag-musica","21":"product_tag-peaceville","22":"product_tag-vinilo","23":"product_tag-vinilo-180-gramos","24":"product_tag-vinilo-negro","26":"first","27":"instock","28":"shipping-taxable","29":"purchasable","30":"product-type-simple"},"jetpack_sharing_enabled":true,"_links":{"self":[{"href":"https:\/\/hellawaitsmag.com\/index.php\/wp-json\/wp\/v2\/product\/17449","targetHints":{"allow":["GET"]}}],"collection":[{"href":"https:\/\/hellawaitsmag.com\/index.php\/wp-json\/wp\/v2\/product"}],"about":[{"href":"https:\/\/hellawaitsmag.com\/index.php\/wp-json\/wp\/v2\/types\/product"}],"replies":[{"embeddable":true,"href":"https:\/\/hellawaitsmag.com\/index.php\/wp-json\/wp\/v2\/comments?post=17449"}],"wp:featuredmedia":[{"embeddable":true,"href":"https:\/\/hellawaitsmag.com\/index.php\/wp-json\/wp\/v2\/media\/17445"}],"wp:attachment":[{"href":"https:\/\/hellawaitsmag.com\/index.php\/wp-json\/wp\/v2\/media?parent=17449"}],"wp:term":[{"taxonomy":"product_brand","embeddable":true,"href":"https:\/\/hellawaitsmag.com\/index.php\/wp-json\/wp\/v2\/product_brand?post=17449"},{"taxonomy":"product_cat","embeddable":true,"href":"https:\/\/hellawaitsmag.com\/index.php\/wp-json\/wp\/v2\/product_cat?post=17449"},{"taxonomy":"product_tag","embeddable":true,"href":"https:\/\/hellawaitsmag.com\/index.php\/wp-json\/wp\/v2\/product_tag?post=17449"}],"curies":[{"name":"wp","href":"https:\/\/api.w.org\/{rel}","templated":true}]}}