{"id":17437,"date":"2024-12-06T13:18:56","date_gmt":"2024-12-06T12:18:56","guid":{"rendered":"http:\/\/discos.com\/index.php\/producto\/opeth-still-life-2lp-vinilo-negrorojo-splatter-especial-el-ltd-25-aniversario\/"},"modified":"2024-12-06T13:18:56","modified_gmt":"2024-12-06T12:18:56","slug":"opeth-still-life-2lp-vinilo-negrorojo-splatter-especial-el-ltd-25-aniversario","status":"publish","type":"product","link":"https:\/\/hellawaitsmag.com\/index.php\/producto\/opeth-still-life-2lp-vinilo-negrorojo-splatter-especial-el-ltd-25-aniversario\/","title":{"rendered":"OPETH &#8211; Still Life  2LP, Vinilo Negro\/Rojo Splatter, Especial Ed. Ltd. 25\u00aa Aniversario"},"content":{"rendered":"<p>OPETH &#8211; Still Life<\/p>\n<p>Death Metal<\/p>\n<p>2LP, \u00c1lbum, Vinilo Negro\/Rojo Splatter 12&#8243;,\u00a0 Edici\u00f3n Limitada, Especial 25 Aniversario, Reedici\u00f3n, Gatefold.<\/p>\n<p>Publicado 2024,\u00a0Peaceville<span class=\"MuiTypography-root MuiTypography-labelSmall css-1kybk0l\">\u00a0\u2013 <span>VILELP1136<\/span>.<\/span><\/p>\n<p><span class=\"MuiTypography-root MuiTypography-labelSmall css-1kybk0l\">Edici\u00f3n en Doble Vinilo Negro\/Rojo Splatter 12&#8243;. Presentado en Gatefold.<\/span><\/p>\n<p>Incluye la portada original de 1999 y fundas interiores impresas con las letras. Tambi\u00e9n incluye un folleto de cuatro p\u00e1ginas que contiene una extensa entrevista con la banda sobre la creaci\u00f3n del \u00e1lbum desde su incorporaci\u00f3n al prestigioso Sal\u00f3n de la Fama de la revista Decibel.<\/p>\n","protected":false},"excerpt":{"rendered":"<p>OPETH &#8211; Still Life<\/p>\n<p>Death Metal<\/p>\n<p>2LP, \u00c1lbum, Vinilo Negro\/Rojo Splatter 12&#8243;,\u00a0 Edici\u00f3n Limitada, Especial 25 Aniversario, Reedici\u00f3n, Gatefold.<\/p>\n","protected":false},"featured_media":17434,"comment_status":"open","ping_status":"closed","template":"","meta":{"_joinchat":[]},"product_brand":[],"product_cat":[40,18],"product_tag":[105,1155,88,344,62,7253,99,388,93,59,800,89,7251,2406,94,2723],"class_list":{"0":"post-17437","1":"product","2":"type-product","3":"status-publish","4":"has-post-thumbnail","6":"product_cat-vinilo-vinilo-inicio-3","7":"product_cat-vinilo","8":"product_tag-12-pulgadas","9":"product_tag-2lp","10":"product_tag-abstract-emotions","11":"product_tag-album","12":"product_tag-death-metal","13":"product_tag-edicion-especial-25-aniversario","14":"product_tag-edicion-limitada","15":"product_tag-gatefold","16":"product_tag-lp","17":"product_tag-musica","18":"product_tag-opeth","19":"product_tag-reedicion","20":"product_tag-still-life","21":"product_tag-vinilo-180-gramos","22":"product_tag-vinilo-negro","23":"product_tag-vinilo-negro-rojo-splatter","25":"first","26":"instock","27":"sale","28":"shipping-taxable","29":"purchasable","30":"product-type-simple"},"jetpack_sharing_enabled":true,"_links":{"self":[{"href":"https:\/\/hellawaitsmag.com\/index.php\/wp-json\/wp\/v2\/product\/17437","targetHints":{"allow":["GET"]}}],"collection":[{"href":"https:\/\/hellawaitsmag.com\/index.php\/wp-json\/wp\/v2\/product"}],"about":[{"href":"https:\/\/hellawaitsmag.com\/index.php\/wp-json\/wp\/v2\/types\/product"}],"replies":[{"embeddable":true,"href":"https:\/\/hellawaitsmag.com\/index.php\/wp-json\/wp\/v2\/comments?post=17437"}],"wp:featuredmedia":[{"embeddable":true,"href":"https:\/\/hellawaitsmag.com\/index.php\/wp-json\/wp\/v2\/media\/17434"}],"wp:attachment":[{"href":"https:\/\/hellawaitsmag.com\/index.php\/wp-json\/wp\/v2\/media?parent=17437"}],"wp:term":[{"taxonomy":"product_brand","embeddable":true,"href":"https:\/\/hellawaitsmag.com\/index.php\/wp-json\/wp\/v2\/product_brand?post=17437"},{"taxonomy":"product_cat","embeddable":true,"href":"https:\/\/hellawaitsmag.com\/index.php\/wp-json\/wp\/v2\/product_cat?post=17437"},{"taxonomy":"product_tag","embeddable":true,"href":"https:\/\/hellawaitsmag.com\/index.php\/wp-json\/wp\/v2\/product_tag?post=17437"}],"curies":[{"name":"wp","href":"https:\/\/api.w.org\/{rel}","templated":true}]}}