{"id":17378,"date":"2024-12-04T10:34:22","date_gmt":"2024-12-04T09:34:22","guid":{"rendered":"http:\/\/discos.com\/index.php\/producto\/fimbulwinter-servants-of-sorcery-lp-vinilo-dorado-ed-ltd\/"},"modified":"2024-12-04T10:34:22","modified_gmt":"2024-12-04T09:34:22","slug":"fimbulwinter-servants-of-sorcery-lp-vinilo-dorado-ed-ltd","status":"publish","type":"product","link":"https:\/\/hellawaitsmag.com\/index.php\/producto\/fimbulwinter-servants-of-sorcery-lp-vinilo-dorado-ed-ltd\/","title":{"rendered":"FIMBULWINTER &#8211; Servants Of Sorcery LP, Vinilo Dorado, Ed. Ltd."},"content":{"rendered":"<p>FIMBULWINTER &#8211; Servants Of Sorcery<\/p>\n<p>Black\u00a0Metal<\/p>\n<p>LP, \u00c1lbum, Vinilo\u00a0Dorado\u00a012&#8243;, Edici\u00f3n Limitada, Reedici\u00f3n, Remasterizado, Gatefold.<\/p>\n<p>Publicado 2023, Peaceville<span class=\"MuiTypography-root MuiTypography-labelSmall css-1kybk0l\">\u00a0\u2013 VILELP1018<\/span><span>.<\/span><\/p>\n<p>Edici\u00f3n Limitada en Vinilo Dorado 12&#8243;, 140 g. Presentado en Gatefold con portada original de los 90&#8243;. Incluye\u00a0Booklet de 12&#8243; y 2 P\u00f3sters a doble cara.<\/p>\n","protected":false},"excerpt":{"rendered":"<p>FIMBULWINTER &#8211; Servants Of Sorcery<\/p>\n<p>Black\u00a0Metal<\/p>\n<p>LP, \u00c1lbum, Vinilo Dorado 12&#8243;, Edici\u00f3n Limitada, Reedici\u00f3n, Remasterizado, Gatefold.<\/p>\n","protected":false},"featured_media":17373,"comment_status":"open","ping_status":"closed","template":"","meta":{"_joinchat":[]},"product_brand":[],"product_cat":[37,17,18],"product_tag":[105,88,344,83,99,7241,388,93,59,89,1618,7242,55,116],"class_list":{"0":"post-17378","1":"product","2":"type-product","3":"status-publish","4":"has-post-thumbnail","6":"product_cat-vinilo-vinilo-inicio-2","7":"product_cat-inicio","8":"product_cat-vinilo","9":"product_tag-12-pulgadas","10":"product_tag-abstract-emotions","11":"product_tag-album","12":"product_tag-black-metal","13":"product_tag-edicion-limitada","14":"product_tag-fimbulwinter","15":"product_tag-gatefold","16":"product_tag-lp","17":"product_tag-musica","18":"product_tag-reedicion","19":"product_tag-remasterizado","20":"product_tag-servants-of-sorcery","21":"product_tag-vinilo","22":"product_tag-vinilo-dorado","24":"first","25":"instock","26":"shipping-taxable","27":"purchasable","28":"product-type-simple"},"jetpack_sharing_enabled":true,"_links":{"self":[{"href":"https:\/\/hellawaitsmag.com\/index.php\/wp-json\/wp\/v2\/product\/17378","targetHints":{"allow":["GET"]}}],"collection":[{"href":"https:\/\/hellawaitsmag.com\/index.php\/wp-json\/wp\/v2\/product"}],"about":[{"href":"https:\/\/hellawaitsmag.com\/index.php\/wp-json\/wp\/v2\/types\/product"}],"replies":[{"embeddable":true,"href":"https:\/\/hellawaitsmag.com\/index.php\/wp-json\/wp\/v2\/comments?post=17378"}],"wp:featuredmedia":[{"embeddable":true,"href":"https:\/\/hellawaitsmag.com\/index.php\/wp-json\/wp\/v2\/media\/17373"}],"wp:attachment":[{"href":"https:\/\/hellawaitsmag.com\/index.php\/wp-json\/wp\/v2\/media?parent=17378"}],"wp:term":[{"taxonomy":"product_brand","embeddable":true,"href":"https:\/\/hellawaitsmag.com\/index.php\/wp-json\/wp\/v2\/product_brand?post=17378"},{"taxonomy":"product_cat","embeddable":true,"href":"https:\/\/hellawaitsmag.com\/index.php\/wp-json\/wp\/v2\/product_cat?post=17378"},{"taxonomy":"product_tag","embeddable":true,"href":"https:\/\/hellawaitsmag.com\/index.php\/wp-json\/wp\/v2\/product_tag?post=17378"}],"curies":[{"name":"wp","href":"https:\/\/api.w.org\/{rel}","templated":true}]}}