{"id":17368,"date":"2024-12-03T13:18:39","date_gmt":"2024-12-03T12:18:39","guid":{"rendered":"http:\/\/discos.com\/index.php\/producto\/monstrosity-spiritual-apocalypse-cd-ed-ltd-digipak\/"},"modified":"2024-12-03T13:18:39","modified_gmt":"2024-12-03T12:18:39","slug":"monstrosity-spiritual-apocalypse-cd-ed-ltd-digipak","status":"publish","type":"product","link":"https:\/\/hellawaitsmag.com\/index.php\/producto\/monstrosity-spiritual-apocalypse-cd-ed-ltd-digipak\/","title":{"rendered":"MONSTROSITY &#8211; Spiritual Apocalypse CD, Ed. Ltd. Digipak"},"content":{"rendered":"<p class=\"title_1q3xW\">MONSTROSITY &#8211;\u00a0Spiritual Apocalypse<\/p>\n<p>Death Metal<\/p>\n<p>CD, \u00c1lbum, Edici\u00f3n limitada, Reedici\u00f3n, Digipak.<\/p>\n<p>Publicado 2018,\u00a0 Metal Blade Records<span>\u00a0\u200e\u2013 3984-15609-2<\/span><span>.<\/span><\/p>\n<p>Edici\u00f3n Limitada en\u00a0CD Digipak. Incluye 3 Bonus Tracks.<\/p>\n<p>Recomendado para fans:\u00a0<span>Deicide, Cannibal Corpse, Six Feet Under, Sinister..<\/span><\/p>\n","protected":false},"excerpt":{"rendered":"<p class=\"title_1q3xW\">MONSTROSITY &#8211;\u00a0Spiritual Apocalypse<\/p>\n<p>Death Metal<\/p>\n<p>CD, \u00c1lbum, Edici\u00f3n limitada, Reedici\u00f3n, Digipak.<\/p><\/p>\n","protected":false},"featured_media":17365,"comment_status":"open","ping_status":"closed","template":"","meta":{"_joinchat":[]},"product_brand":[],"product_cat":[19,31,17],"product_tag":[88,344,60,62,146,99,4681,59,89,1618,4682],"class_list":{"0":"post-17368","1":"product","2":"type-product","3":"status-publish","4":"has-post-thumbnail","6":"product_cat-cd","7":"product_cat-cd-cd","8":"product_cat-inicio","9":"product_tag-abstract-emotions","10":"product_tag-album","11":"product_tag-cd","12":"product_tag-death-metal","13":"product_tag-digipak","14":"product_tag-edicion-limitada","15":"product_tag-monstrosity","16":"product_tag-musica","17":"product_tag-reedicion","18":"product_tag-remasterizado","19":"product_tag-spiritual-apocalypse","21":"first","22":"instock","23":"sale","24":"shipping-taxable","25":"purchasable","26":"product-type-simple"},"jetpack_sharing_enabled":true,"_links":{"self":[{"href":"https:\/\/hellawaitsmag.com\/index.php\/wp-json\/wp\/v2\/product\/17368","targetHints":{"allow":["GET"]}}],"collection":[{"href":"https:\/\/hellawaitsmag.com\/index.php\/wp-json\/wp\/v2\/product"}],"about":[{"href":"https:\/\/hellawaitsmag.com\/index.php\/wp-json\/wp\/v2\/types\/product"}],"replies":[{"embeddable":true,"href":"https:\/\/hellawaitsmag.com\/index.php\/wp-json\/wp\/v2\/comments?post=17368"}],"wp:featuredmedia":[{"embeddable":true,"href":"https:\/\/hellawaitsmag.com\/index.php\/wp-json\/wp\/v2\/media\/17365"}],"wp:attachment":[{"href":"https:\/\/hellawaitsmag.com\/index.php\/wp-json\/wp\/v2\/media?parent=17368"}],"wp:term":[{"taxonomy":"product_brand","embeddable":true,"href":"https:\/\/hellawaitsmag.com\/index.php\/wp-json\/wp\/v2\/product_brand?post=17368"},{"taxonomy":"product_cat","embeddable":true,"href":"https:\/\/hellawaitsmag.com\/index.php\/wp-json\/wp\/v2\/product_cat?post=17368"},{"taxonomy":"product_tag","embeddable":true,"href":"https:\/\/hellawaitsmag.com\/index.php\/wp-json\/wp\/v2\/product_tag?post=17368"}],"curies":[{"name":"wp","href":"https:\/\/api.w.org\/{rel}","templated":true}]}}