{"id":17286,"date":"2024-11-27T12:19:25","date_gmt":"2024-11-27T11:19:25","guid":{"rendered":"http:\/\/discos.com\/index.php\/producto\/behemoth-grom-2lp-vinilo-dust-grey-marbled-ed-ltd\/"},"modified":"2024-11-27T12:19:25","modified_gmt":"2024-11-27T11:19:25","slug":"behemoth-grom-2lp-vinilo-dust-grey-marbled-ed-ltd","status":"publish","type":"product","link":"https:\/\/hellawaitsmag.com\/index.php\/producto\/behemoth-grom-2lp-vinilo-dust-grey-marbled-ed-ltd\/","title":{"rendered":"BEHEMOTH &#8211; Grom  2LP, Vinilo Dust Grey Marbled, Ed. Ltd."},"content":{"rendered":"<p>BEHEMOTH &#8211; Grom<\/p>\n<p>Black Metal<\/p>\n<p>2LP, \u00c1lbum + Recopilatorio,\u00a0Vinilo Dust Grey Marbled 12&#8243;, Edici\u00f3n Limitada, Reedici\u00f3n, Gatefold.<\/p>\n<p>Publicado 2023,\u00a0Metal Blade Records<span>\u00a0\u2013 3984-<span>16027<\/span>-1<\/span><span>.<\/span><\/p>\n<p>Edici\u00f3n Limitada a 500 copias en todo el mundo en Vinilo Dust Grey Marbled 12&#8243;. Presentado en Gatefold (con grabado en caliente).<\/p>\n<p>Incluye\u00a0booklet de 24 p\u00e1ginas con letras, entrevistas, fotos antiguas y rarezas (versiones, pistas en vivo).<\/p><\/p>\n","protected":false},"excerpt":{"rendered":"<p>BEHEMOTH &#8211; Grom<\/p>\n<p>Black Metal<\/p>\n<p>2LP, \u00c1lbum + Recopilatorio, Vinilo Dust Grey Marbled 12&#8243;, Edici\u00f3n Limitada, Reedici\u00f3n, Gatefold.<\/p>\n","protected":false},"featured_media":17283,"comment_status":"open","ping_status":"closed","template":"","meta":{"_joinchat":[]},"product_brand":[],"product_cat":[40,17,18],"product_tag":[105,88,344,741,83,99,388,4903,93,59,271,89,55,7218,94],"class_list":{"0":"post-17286","1":"product","2":"type-product","3":"status-publish","4":"has-post-thumbnail","6":"product_cat-vinilo-vinilo-inicio-3","7":"product_cat-inicio","8":"product_cat-vinilo","9":"product_tag-12-pulgadas","10":"product_tag-abstract-emotions","11":"product_tag-album","12":"product_tag-behemoth","13":"product_tag-black-metal","14":"product_tag-edicion-limitada","15":"product_tag-gatefold","16":"product_tag-grom","17":"product_tag-lp","18":"product_tag-musica","19":"product_tag-recopilatorio","20":"product_tag-reedicion","21":"product_tag-vinilo","22":"product_tag-vinilo-dust-grey-marbled","23":"product_tag-vinilo-negro","25":"first","26":"instock","27":"shipping-taxable","28":"purchasable","29":"product-type-simple"},"jetpack_sharing_enabled":true,"_links":{"self":[{"href":"https:\/\/hellawaitsmag.com\/index.php\/wp-json\/wp\/v2\/product\/17286","targetHints":{"allow":["GET"]}}],"collection":[{"href":"https:\/\/hellawaitsmag.com\/index.php\/wp-json\/wp\/v2\/product"}],"about":[{"href":"https:\/\/hellawaitsmag.com\/index.php\/wp-json\/wp\/v2\/types\/product"}],"replies":[{"embeddable":true,"href":"https:\/\/hellawaitsmag.com\/index.php\/wp-json\/wp\/v2\/comments?post=17286"}],"wp:featuredmedia":[{"embeddable":true,"href":"https:\/\/hellawaitsmag.com\/index.php\/wp-json\/wp\/v2\/media\/17283"}],"wp:attachment":[{"href":"https:\/\/hellawaitsmag.com\/index.php\/wp-json\/wp\/v2\/media?parent=17286"}],"wp:term":[{"taxonomy":"product_brand","embeddable":true,"href":"https:\/\/hellawaitsmag.com\/index.php\/wp-json\/wp\/v2\/product_brand?post=17286"},{"taxonomy":"product_cat","embeddable":true,"href":"https:\/\/hellawaitsmag.com\/index.php\/wp-json\/wp\/v2\/product_cat?post=17286"},{"taxonomy":"product_tag","embeddable":true,"href":"https:\/\/hellawaitsmag.com\/index.php\/wp-json\/wp\/v2\/product_tag?post=17286"}],"curies":[{"name":"wp","href":"https:\/\/api.w.org\/{rel}","templated":true}]}}