{"id":17059,"date":"2024-11-18T13:32:17","date_gmt":"2024-11-18T12:32:17","guid":{"rendered":"http:\/\/discos.com\/index.php\/producto\/grindfernoe-human-stupidity-cd-deluxe-ed-ltd-gatefold-ecopak\/"},"modified":"2024-11-18T13:32:17","modified_gmt":"2024-11-18T12:32:17","slug":"grindfernoe-human-stupidity-cd-deluxe-ed-ltd-gatefold-ecopak","status":"publish","type":"product","link":"https:\/\/hellawaitsmag.com\/index.php\/producto\/grindfernoe-human-stupidity-cd-deluxe-ed-ltd-gatefold-ecopak\/","title":{"rendered":"GRINDFERN\u00d6 &#8211; Human Stupidity CD, Deluxe Ed. Ltd., Gatefold Ecopak"},"content":{"rendered":"<p>GRINDFERN\u00d6 &#8211; Human Stupidity\u00a0<\/p>\n<p>Grindcore\/Crust<\/p>\n<p>CD, \u00c1lbum, Edici\u00f3n Limitada\u00a0Deluxe,\u00a0Gatefold Ecopak.<\/p>\n<p>Publicado por EveryDayHate<span class=\"MuiTypography-root MuiTypography-labelSmall css-1kybk0l\">\u00a0\u2013 EDHxGRNDFRN.<\/span><\/p>\n<p><span>Edici\u00f3n Deluxe Limitada en CD del \u00e1lbum debut de\u00a0<span>dos integrantes de grind crusty de Espa\u00f1a (miembros de Mobcharge, Proyecto Terror, Bastardos del Metal, Do it your hell, K\u00e4rnvapen Attack, Almax, Blockbastard, Disthroat). 40 canciones de su debut de larga duraci\u00f3n.<\/span><\/span><\/p>\n<p><span><span>Presentado en Gatefold Ecopak.<\/span><\/span><\/p>\n","protected":false},"excerpt":{"rendered":"<p>GRINDFERN\u00d6 &#8211; Human Stupidity\u00a0<\/p>\n<p>Grindcore\/Crust<\/p>\n<p>CD, \u00c1lbum, Edici\u00f3n Limitada Deluxe,\u00a0Gatefold Ecopak.<\/p>\n","protected":false},"featured_media":17058,"comment_status":"open","ping_status":"closed","template":"","meta":{"_joinchat":[]},"product_brand":[],"product_cat":[19,31,17],"product_tag":[88,344,60,97,1374,99,7147,72,7145,7146,59],"class_list":{"0":"post-17059","1":"product","2":"type-product","3":"status-publish","4":"has-post-thumbnail","6":"product_cat-cd","7":"product_cat-cd-cd","8":"product_cat-inicio","9":"product_tag-abstract-emotions","10":"product_tag-album","11":"product_tag-cd","12":"product_tag-crust","13":"product_tag-edicion-deluxe","14":"product_tag-edicion-limitada","15":"product_tag-gatefold-ecopak","16":"product_tag-grindcore","17":"product_tag-grindferno","18":"product_tag-human-stupidity","19":"product_tag-musica","21":"first","22":"instock","23":"shipping-taxable","24":"purchasable","25":"product-type-simple"},"jetpack_sharing_enabled":true,"_links":{"self":[{"href":"https:\/\/hellawaitsmag.com\/index.php\/wp-json\/wp\/v2\/product\/17059","targetHints":{"allow":["GET"]}}],"collection":[{"href":"https:\/\/hellawaitsmag.com\/index.php\/wp-json\/wp\/v2\/product"}],"about":[{"href":"https:\/\/hellawaitsmag.com\/index.php\/wp-json\/wp\/v2\/types\/product"}],"replies":[{"embeddable":true,"href":"https:\/\/hellawaitsmag.com\/index.php\/wp-json\/wp\/v2\/comments?post=17059"}],"wp:featuredmedia":[{"embeddable":true,"href":"https:\/\/hellawaitsmag.com\/index.php\/wp-json\/wp\/v2\/media\/17058"}],"wp:attachment":[{"href":"https:\/\/hellawaitsmag.com\/index.php\/wp-json\/wp\/v2\/media?parent=17059"}],"wp:term":[{"taxonomy":"product_brand","embeddable":true,"href":"https:\/\/hellawaitsmag.com\/index.php\/wp-json\/wp\/v2\/product_brand?post=17059"},{"taxonomy":"product_cat","embeddable":true,"href":"https:\/\/hellawaitsmag.com\/index.php\/wp-json\/wp\/v2\/product_cat?post=17059"},{"taxonomy":"product_tag","embeddable":true,"href":"https:\/\/hellawaitsmag.com\/index.php\/wp-json\/wp\/v2\/product_tag?post=17059"}],"curies":[{"name":"wp","href":"https:\/\/api.w.org\/{rel}","templated":true}]}}