{"id":17046,"date":"2024-11-18T11:37:10","date_gmt":"2024-11-18T10:37:10","guid":{"rendered":"http:\/\/discos.com\/index.php\/producto\/daylight-misery-cancerworm-7-vinilo-negro-ed-ltd\/"},"modified":"2024-11-18T11:37:10","modified_gmt":"2024-11-18T10:37:10","slug":"daylight-misery-cancerworm-7-vinilo-negro-ed-ltd","status":"publish","type":"product","link":"https:\/\/hellawaitsmag.com\/index.php\/producto\/daylight-misery-cancerworm-7-vinilo-negro-ed-ltd\/","title":{"rendered":"DAYLIGHT MISERY &#8211; Cancerworm 7&#8243;, Vinilo Negro, Ed. Ltd."},"content":{"rendered":"<p>DAYLIGHT MISERY &#8211; Cancerworm\u00a0<\/p>\n<p>Melodic\u00a0Death Metal\/Gothic Metal\/Death Metal<\/p>\n<p>Vinilo 7&#8243;,\u00a045 RPM,\u00a0Single,\u00a0Edici\u00f3n limitada.<\/p>\n<p>Publicado 2023,\u00a0The Circle Music<span class=\"MuiTypography-root MuiTypography-labelSmall css-1kybk0l\">\u00a0\u2013 TCM022LP.<\/span><\/p>\n<p><span class=\"MuiTypography-root MuiTypography-labelSmall css-1kybk0l\">Edici\u00f3n Limitada a 500 copias en Vinilo Negro 7&#8243;.<\/span><\/p>\n<p><span class=\"MuiTypography-root MuiTypography-labelSmall css-1kybk0l\"><span>Esta canci\u00f3n fue escrita en memoria de nuestro querido amigo Dimitris Theodoropoulos, quien dej\u00f3 este mundo derrotado por el c\u00e1ncer a la temprana edad de 38 a\u00f1os. Las partes habladas de la canci\u00f3n le pertenecen y fueron grabadas en el hospital, 16 d\u00edas antes de su fallecimiento. La demo de esta canci\u00f3n en particular lo acompa\u00f1\u00f3 durante sus \u00faltimas horas y le ofreci\u00f3 un poco de alegr\u00eda durante la pesadilla que estaba experimentando. Su voz estar\u00e1 entre sus artistas favoritos; por lo tanto, estar\u00e1 con nosotros para siempre. Todo el monto de este lanzamiento f\u00edsico ser\u00e1 donado en su memoria.<\/span><\/p>\n<p><span>En memoria de Dimitris Theodoropoulos (10\/12\/1983 &#8211; 31\/05\/2021).<\/span><\/span><\/p>\n","protected":false},"excerpt":{"rendered":"<p>DAYLIGHT MISERY &#8211; Cancerworm\u00a0<\/p>\n<p>Melodic Death Metal\/Gothic Metal\/Death Metal<\/p>\n<p>Vinilo 7&#8243;, <span>45 RPM,\u00a0<\/span>Single,<span>\u00a0Edici\u00f3n limitada.<\/span><\/p>\n","protected":false},"featured_media":17042,"comment_status":"open","ping_status":"closed","template":"","meta":{"_joinchat":[]},"product_brand":[],"product_cat":[30,17,18],"product_tag":[316,88,7137,7138,62,99,574,831,1116,59,55,1531,94],"class_list":{"0":"post-17046","1":"product","2":"type-product","3":"status-publish","4":"has-post-thumbnail","6":"product_cat-vinilo-vinilo","7":"product_cat-inicio","8":"product_cat-vinilo","9":"product_tag-7-pulgadas","10":"product_tag-abstract-emotions","11":"product_tag-cancerworm","12":"product_tag-daylight-misery-daylight-misery","13":"product_tag-death-metal","14":"product_tag-edicion-limitada","15":"product_tag-ep","16":"product_tag-gothic-metal","17":"product_tag-melodic-death-metal","18":"product_tag-musica","19":"product_tag-vinilo","20":"product_tag-vinilo-7-pulgadas","21":"product_tag-vinilo-negro","23":"first","24":"instock","25":"shipping-taxable","26":"purchasable","27":"product-type-simple"},"jetpack_sharing_enabled":true,"_links":{"self":[{"href":"https:\/\/hellawaitsmag.com\/index.php\/wp-json\/wp\/v2\/product\/17046","targetHints":{"allow":["GET"]}}],"collection":[{"href":"https:\/\/hellawaitsmag.com\/index.php\/wp-json\/wp\/v2\/product"}],"about":[{"href":"https:\/\/hellawaitsmag.com\/index.php\/wp-json\/wp\/v2\/types\/product"}],"replies":[{"embeddable":true,"href":"https:\/\/hellawaitsmag.com\/index.php\/wp-json\/wp\/v2\/comments?post=17046"}],"wp:featuredmedia":[{"embeddable":true,"href":"https:\/\/hellawaitsmag.com\/index.php\/wp-json\/wp\/v2\/media\/17042"}],"wp:attachment":[{"href":"https:\/\/hellawaitsmag.com\/index.php\/wp-json\/wp\/v2\/media?parent=17046"}],"wp:term":[{"taxonomy":"product_brand","embeddable":true,"href":"https:\/\/hellawaitsmag.com\/index.php\/wp-json\/wp\/v2\/product_brand?post=17046"},{"taxonomy":"product_cat","embeddable":true,"href":"https:\/\/hellawaitsmag.com\/index.php\/wp-json\/wp\/v2\/product_cat?post=17046"},{"taxonomy":"product_tag","embeddable":true,"href":"https:\/\/hellawaitsmag.com\/index.php\/wp-json\/wp\/v2\/product_tag?post=17046"}],"curies":[{"name":"wp","href":"https:\/\/api.w.org\/{rel}","templated":true}]}}