{"id":16990,"date":"2024-11-15T11:06:15","date_gmt":"2024-11-15T10:06:15","guid":{"rendered":"http:\/\/discos.com\/index.php\/producto\/betelzeus-shedding-the-skin-lp-vinilo-clear\/"},"modified":"2024-11-15T11:06:15","modified_gmt":"2024-11-15T10:06:15","slug":"betelzeus-shedding-the-skin-lp-vinilo-clear","status":"publish","type":"product","link":"https:\/\/hellawaitsmag.com\/index.php\/producto\/betelzeus-shedding-the-skin-lp-vinilo-clear\/","title":{"rendered":"BETELZEUS &#8211; Shedding The Skin LP, Vinilo Clear"},"content":{"rendered":"<p class=\"page-title\">BETELZEUS &#8211; Shedding The Skin\u00a0<\/p>\n<p>Doom Metal\/Sludge Metal\/Post-Metal<\/p>\n<p>LP, \u00c1lbum, Vinilo\u00a0Clear\u00a012&#8243;.<\/p>\n<p>Publicado 2023,\u00a0Violence In The Veins<span class=\"MuiTypography-root MuiTypography-labelSmall css-1kybk0l\">\u00a0\u2013 VIO2022082LP.<\/span><\/p>\n<p>Edici\u00f3n en Vinilo\u00a0Transparente 12&#8243; del segundo \u00e1lbum BETELZEUS de los finlandeses sludge doomers, SHEDDING THE SKIN, envuelve al oyente en dolor y oscuridad.<\/p>\n<p>El sonido de BETELZEUS ha dado un paso hacia una expresi\u00f3n m\u00e1s atmosf\u00e9rica y fr\u00e1gil. La m\u00fasica flota en alg\u00fan lugar entre el lodo y el post metal, pero la banda a\u00fan no ha perdido su sonido original. Es m\u00e1s como una continuaci\u00f3n de donde termin\u00f3 el \u00e1lbum debut.<\/p>\n","protected":false},"excerpt":{"rendered":"<p class=\"page-title\">BETELZEUS &#8211; Shedding The Skin\u00a0<\/p>\n<p>Doom Metal\/Sludge Metal\/Post-Metal<\/p>\n<p>LP, \u00c1lbum, Vinilo\u00a0Clear\u00a012&#8243;.<\/p>\n","protected":false},"featured_media":16986,"comment_status":"open","ping_status":"closed","template":"","meta":{"_joinchat":[]},"product_brand":[],"product_cat":[37,17,18],"product_tag":[105,88,344,7122,62,206,93,59,1107,7121,851,55,1317,98],"class_list":{"0":"post-16990","1":"product","2":"type-product","3":"status-publish","4":"has-post-thumbnail","6":"product_cat-vinilo-vinilo-inicio-2","7":"product_cat-inicio","8":"product_cat-vinilo","9":"product_tag-12-pulgadas","10":"product_tag-abstract-emotions","11":"product_tag-album","12":"product_tag-betelzeus","13":"product_tag-death-metal","14":"product_tag-doom-metal","15":"product_tag-lp","16":"product_tag-musica","17":"product_tag-post-metal","18":"product_tag-shedding-the-skin","19":"product_tag-sludge-metal","20":"product_tag-vinilo","21":"product_tag-vinilo-clear","22":"product_tag-vinilo-transparente","24":"first","25":"instock","26":"shipping-taxable","27":"purchasable","28":"product-type-simple"},"jetpack_sharing_enabled":true,"_links":{"self":[{"href":"https:\/\/hellawaitsmag.com\/index.php\/wp-json\/wp\/v2\/product\/16990","targetHints":{"allow":["GET"]}}],"collection":[{"href":"https:\/\/hellawaitsmag.com\/index.php\/wp-json\/wp\/v2\/product"}],"about":[{"href":"https:\/\/hellawaitsmag.com\/index.php\/wp-json\/wp\/v2\/types\/product"}],"replies":[{"embeddable":true,"href":"https:\/\/hellawaitsmag.com\/index.php\/wp-json\/wp\/v2\/comments?post=16990"}],"wp:featuredmedia":[{"embeddable":true,"href":"https:\/\/hellawaitsmag.com\/index.php\/wp-json\/wp\/v2\/media\/16986"}],"wp:attachment":[{"href":"https:\/\/hellawaitsmag.com\/index.php\/wp-json\/wp\/v2\/media?parent=16990"}],"wp:term":[{"taxonomy":"product_brand","embeddable":true,"href":"https:\/\/hellawaitsmag.com\/index.php\/wp-json\/wp\/v2\/product_brand?post=16990"},{"taxonomy":"product_cat","embeddable":true,"href":"https:\/\/hellawaitsmag.com\/index.php\/wp-json\/wp\/v2\/product_cat?post=16990"},{"taxonomy":"product_tag","embeddable":true,"href":"https:\/\/hellawaitsmag.com\/index.php\/wp-json\/wp\/v2\/product_tag?post=16990"}],"curies":[{"name":"wp","href":"https:\/\/api.w.org\/{rel}","templated":true}]}}