{"id":16975,"date":"2024-11-14T10:38:08","date_gmt":"2024-11-14T09:38:08","guid":{"rendered":"http:\/\/discos.com\/index.php\/producto\/sudadera-katatonia-moonbride-for-funerals-to-come\/"},"modified":"2024-11-14T10:38:08","modified_gmt":"2024-11-14T09:38:08","slug":"sudadera-katatonia-moonbride-for-funerals-to-come","status":"publish","type":"product","link":"https:\/\/hellawaitsmag.com\/index.php\/producto\/sudadera-katatonia-moonbride-for-funerals-to-come\/","title":{"rendered":"Sudadera KATATONIA &#8211; Moonbride \/ For Funerals to Come"},"content":{"rendered":"<p>Sudadera\u00a0Negra con cremallera<\/p>\n<p>Banda: KATATONIA<\/p>\n<p>Tema: Moonbride \/ For Funerals to Come<\/p>\n<p>Estampado en ambos lados<\/p>\n<p><span><span>Marca: Starworld Zip Through Hooded Sweat Jacket<\/span><\/span><\/p>\n<p><span><span>Material: 80 % algod\u00f3n \/ 20 % poli\u00e9ster<\/span><\/span><\/p>\n<\/p>\n<p><strong>Sudadera cremallera\u00a0<span>Starworld\u00a0<\/span>:<\/strong><\/p>\n<p><span><span>Tallas en cm (alto \/ ancho):<\/span><\/span><\/p>\n<p><span><span>S: 60\/44 \u2013 M: 62\/47 \u2013 L: 64\/50 \u2013 XL: 66\/53 \u2013 XXL: 68\/56<\/span><\/span><br \/><span><span>(Las tallas reales pueden diferir en un 3 &#8211; 5%).<\/span><\/span><\/p>\n<p><span><span><span>Tenga en cuenta: el color de la impresi\u00f3n puede diferir ligeramente de las im\u00e1genes.<\/span><\/span><\/span><\/p>\n<p><span><span>Sudadera con capucha y cremallera KATATONIA \u00abmoonbride \/ for funerals to come\u00bb negra con estampado por descarga en la parte delantera y trasera, as\u00ed como en la manga. La cremallera est\u00e1 fabricada en una calidad pesada de 290 g\/m\u00b2. Est\u00e1 hecha de algod\u00f3n peinado, que est\u00e1 rugoso en el interior.<\/span><\/span><\/p>\n<p><span><span>Para estas cremalleras con capucha KATATONIA utilizamos materia prima de Starworld. Starworld es una marca consciente del medio ambiente que produce exclusivamente de acuerdo con las especificaciones de la etiqueta Oeko-Tex Standard 100. Esto significa que los productos de todas las etapas de procesamiento a lo largo de la cadena de valor textil se prueban en cuanto a seguridad sanitaria y los establecimientos comerciales para condiciones de producci\u00f3n social y ambientalmente compatibles. Los textiles est\u00e1n hechos de algod\u00f3n 100% org\u00e1nico, que se cultiva sin ning\u00fan tipo de productos qu\u00edmicos a\u00f1adidos.<\/span><\/span><\/p>\n<p><span><span>Otras caracter\u00edsticas:<\/span><\/span><br \/><span><span>&#8211; costura de doble aguja<\/span><\/span><br \/><span><span>&#8211; capucha de doble capa con ojales de lat\u00f3n antiguo y cord\u00f3n ancho<\/span><\/span><br \/><span><span>&#8211; cremallera cubierta<\/span><\/span><br \/><span><span>&#8211; costuras de hombros ca\u00eddas hacia delante para una mayor comodidad<\/span><\/span><br \/><span><span>&#8211; canal\u00e9 grueso con elastano en pu\u00f1os y cinturilla<\/span><\/span><br \/><span><span>&#8211; acabado preencogido y anti-pilling<\/span><\/span><br \/><span><span>&#8211; apto para lavado a 40 \u00b0C<\/span><\/span><\/p>\n<p><span><span>\u00bfQu\u00e9 es la \u00abimpresi\u00f3n por descarga\u00bb?<\/span><\/span><br \/><span><span>La tinta de descarga gris hace que los tintes negros en la tela se eliminen, blanquea la tela y agrega un color ligeramente gris. El resultado es una impresi\u00f3n muy suave, no sentir\u00e1s ning\u00fan color en absoluto y la impresi\u00f3n no se volver\u00e1 quebradiza ni agrietada.<\/span><\/span><\/p>\n","protected":false},"excerpt":{"rendered":"<p>Sudadera\u00a0Negra con cremallera<\/p>\n<p>Banda: KATATONIA<\/p>\n<p>Tema: Moonbride \/ For Funerals to Come<\/p>\n<p>Estampado en ambos lados<\/p>\n<p>Marca: Starworld Zip Through Hooded Sweat Jacket<\/p>\n<p>Material: 80 % algod\u00f3n \/ 20 % poli\u00e9ster<\/p>\n<\/p><\/p>\n","protected":false},"featured_media":16973,"comment_status":"open","ping_status":"closed","template":"","meta":{"_joinchat":[]},"product_brand":[],"product_cat":[17,20,47],"product_tag":[83,7115,687,7117,7112,7113,7114,7116,686],"class_list":{"0":"post-16975","1":"product","2":"type-product","3":"status-publish","4":"has-post-thumbnail","6":"product_cat-inicio","7":"product_cat-merchandising","8":"product_cat-camisetas-merchandising","9":"product_tag-black-metal","10":"product_tag-moonbride-for-funerals-to-come","11":"product_tag-sudadera","12":"product_tag-sudadera-algodon","13":"product_tag-sudadera-cremallera","14":"product_tag-sudadera-heavy","15":"product_tag-sudadera-katatonia","16":"product_tag-sudadera-negra","17":"product_tag-unisex","19":"first","20":"instock","21":"shipping-taxable","22":"purchasable","23":"product-type-simple"},"jetpack_sharing_enabled":true,"_links":{"self":[{"href":"https:\/\/hellawaitsmag.com\/index.php\/wp-json\/wp\/v2\/product\/16975","targetHints":{"allow":["GET"]}}],"collection":[{"href":"https:\/\/hellawaitsmag.com\/index.php\/wp-json\/wp\/v2\/product"}],"about":[{"href":"https:\/\/hellawaitsmag.com\/index.php\/wp-json\/wp\/v2\/types\/product"}],"replies":[{"embeddable":true,"href":"https:\/\/hellawaitsmag.com\/index.php\/wp-json\/wp\/v2\/comments?post=16975"}],"wp:featuredmedia":[{"embeddable":true,"href":"https:\/\/hellawaitsmag.com\/index.php\/wp-json\/wp\/v2\/media\/16973"}],"wp:attachment":[{"href":"https:\/\/hellawaitsmag.com\/index.php\/wp-json\/wp\/v2\/media?parent=16975"}],"wp:term":[{"taxonomy":"product_brand","embeddable":true,"href":"https:\/\/hellawaitsmag.com\/index.php\/wp-json\/wp\/v2\/product_brand?post=16975"},{"taxonomy":"product_cat","embeddable":true,"href":"https:\/\/hellawaitsmag.com\/index.php\/wp-json\/wp\/v2\/product_cat?post=16975"},{"taxonomy":"product_tag","embeddable":true,"href":"https:\/\/hellawaitsmag.com\/index.php\/wp-json\/wp\/v2\/product_tag?post=16975"}],"curies":[{"name":"wp","href":"https:\/\/api.w.org\/{rel}","templated":true}]}}